{"id":1697,"date":"2021-06-04T13:27:38","date_gmt":"2021-06-04T10:27:38","guid":{"rendered":"http:\/\/montevardia-hotel.com\/rooms\/"},"modified":"2022-05-11T13:37:06","modified_gmt":"2022-05-11T10:37:06","slug":"rooms","status":"publish","type":"page","link":"https:\/\/montevardia-hotel.com\/de\/rooms\/","title":{"rendered":"Hotelzimmer"},"content":{"rendered":"\t\t<div data-elementor-type=\"wp-page\" data-elementor-id=\"1697\" class=\"elementor elementor-1697 elementor-127\" data-elementor-settings=\"[]\">\n\t\t\t\t\t\t\t<div class=\"elementor-section-wrap\">\n\t\t\t\t\t\t\t<section class=\"elementor-section elementor-top-section elementor-element elementor-element-4ba9608 elementor-section-boxed elementor-section-height-default elementor-section-height-default\" data-id=\"4ba9608\" data-element_type=\"section\">\n\t\t\t\t\t\t<div class=\"elementor-container elementor-column-gap-default\">\n\t\t\t\t\t<div class=\"elementor-column elementor-col-100 elementor-top-column elementor-element elementor-element-5342e6d animated-slow elementor-invisible\" data-id=\"5342e6d\" data-element_type=\"column\" data-settings=\"{&quot;animation&quot;:&quot;fadeIn&quot;}\">\n\t\t\t<div class=\"elementor-widget-wrap elementor-element-populated\">\n\t\t\t\t\t\t\t\t<div class=\"elementor-element elementor-element-fe1691d elementor-widget elementor-widget-heading\" data-id=\"fe1691d\" data-element_type=\"widget\" data-widget_type=\"heading.default\">\n\t\t\t\t<div class=\"elementor-widget-container\">\n\t\t\t<h1 class=\"elementor-heading-title elementor-size-default\">Zimmertypen<\/h1>\t\t<\/div>\n\t\t\t\t<\/div>\n\t\t\t\t<section class=\"elementor-section elementor-inner-section elementor-element elementor-element-1ea1094 elementor-section-content-middle elementor-section-boxed elementor-section-height-default elementor-section-height-default\" data-id=\"1ea1094\" data-element_type=\"section\">\n\t\t\t\t\t\t<div class=\"elementor-container elementor-column-gap-no\">\n\t\t\t\t\t<div class=\"elementor-column elementor-col-20 elementor-inner-column elementor-element elementor-element-6873411\" data-id=\"6873411\" data-element_type=\"column\">\n\t\t\t<div class=\"elementor-widget-wrap\">\n\t\t\t\t\t\t\t\t\t<\/div>\n\t\t<\/div>\n\t\t\t\t<div class=\"elementor-column elementor-col-20 elementor-inner-column elementor-element elementor-element-ea281b3\" data-id=\"ea281b3\" data-element_type=\"column\">\n\t\t\t<div class=\"elementor-widget-wrap elementor-element-populated\">\n\t\t\t\t\t\t\t\t<div class=\"elementor-element elementor-element-a1aad64 elementor-view-default elementor-widget elementor-widget-icon\" data-id=\"a1aad64\" data-element_type=\"widget\" data-widget_type=\"icon.default\">\n\t\t\t\t<div class=\"elementor-widget-container\">\n\t\t\t\t\t<div class=\"elementor-icon-wrapper\">\n\t\t\t<div class=\"elementor-icon\">\n\t\t\t<i aria-hidden=\"true\" class=\"fas fa-star\"><\/i>\t\t\t<\/div>\n\t\t<\/div>\n\t\t\t\t<\/div>\n\t\t\t\t<\/div>\n\t\t\t\t\t<\/div>\n\t\t<\/div>\n\t\t\t\t<div class=\"elementor-column elementor-col-20 elementor-inner-column elementor-element elementor-element-329bb2f\" data-id=\"329bb2f\" data-element_type=\"column\">\n\t\t\t<div class=\"elementor-widget-wrap elementor-element-populated\">\n\t\t\t\t\t\t\t\t<div class=\"elementor-element elementor-element-9e19841 elementor-view-default elementor-widget elementor-widget-icon\" data-id=\"9e19841\" data-element_type=\"widget\" data-widget_type=\"icon.default\">\n\t\t\t\t<div class=\"elementor-widget-container\">\n\t\t\t\t\t<div class=\"elementor-icon-wrapper\">\n\t\t\t<div class=\"elementor-icon\">\n\t\t\t<i aria-hidden=\"true\" class=\"fas fa-star\"><\/i>\t\t\t<\/div>\n\t\t<\/div>\n\t\t\t\t<\/div>\n\t\t\t\t<\/div>\n\t\t\t\t\t<\/div>\n\t\t<\/div>\n\t\t\t\t<div class=\"elementor-column elementor-col-20 elementor-inner-column elementor-element elementor-element-dfb000e\" data-id=\"dfb000e\" data-element_type=\"column\">\n\t\t\t<div class=\"elementor-widget-wrap elementor-element-populated\">\n\t\t\t\t\t\t\t\t<div class=\"elementor-element elementor-element-08b92a9 elementor-view-default elementor-widget elementor-widget-icon\" data-id=\"08b92a9\" data-element_type=\"widget\" data-widget_type=\"icon.default\">\n\t\t\t\t<div class=\"elementor-widget-container\">\n\t\t\t\t\t<div class=\"elementor-icon-wrapper\">\n\t\t\t<div class=\"elementor-icon\">\n\t\t\t<i aria-hidden=\"true\" class=\"fas fa-star\"><\/i>\t\t\t<\/div>\n\t\t<\/div>\n\t\t\t\t<\/div>\n\t\t\t\t<\/div>\n\t\t\t\t\t<\/div>\n\t\t<\/div>\n\t\t\t\t<div class=\"elementor-column elementor-col-20 elementor-inner-column elementor-element elementor-element-aceef6f\" data-id=\"aceef6f\" data-element_type=\"column\">\n\t\t\t<div class=\"elementor-widget-wrap\">\n\t\t\t\t\t\t\t\t\t<\/div>\n\t\t<\/div>\n\t\t\t\t\t\t\t<\/div>\n\t\t<\/section>\n\t\t\t\t<div class=\"elementor-element elementor-element-2f745b6 elementor-widget elementor-widget-heading\" data-id=\"2f745b6\" data-element_type=\"widget\" data-widget_type=\"heading.default\">\n\t\t\t\t<div class=\"elementor-widget-container\">\n\t\t\t<h1 class=\"elementor-heading-title elementor-size-default\">- Jedes Zimmer bietet individuellen Komfort -<\/h1>\t\t<\/div>\n\t\t\t\t<\/div>\n\t\t\t\t\t<\/div>\n\t\t<\/div>\n\t\t\t\t\t\t\t<\/div>\n\t\t<\/section>\n\t\t\t\t<section class=\"elementor-section elementor-top-section elementor-element elementor-element-3e120ef2 elementor-section-boxed elementor-section-height-default elementor-section-height-default\" data-id=\"3e120ef2\" data-element_type=\"section\">\n\t\t\t\t\t\t<div class=\"elementor-container elementor-column-gap-default\">\n\t\t\t\t\t\t\t\t<\/div>\n\t\t<\/section>\n\t\t\t\t<section class=\"elementor-section elementor-top-section elementor-element elementor-element-1085d6cd elementor-section-boxed elementor-section-height-default elementor-section-height-default\" data-id=\"1085d6cd\" data-element_type=\"section\">\n\t\t\t\t\t\t<div class=\"elementor-container elementor-column-gap-default\">\n\t\t\t\t\t\t\t\t<\/div>\n\t\t<\/section>\n\t\t\t\t<section class=\"elementor-section elementor-top-section elementor-element elementor-element-dad253b elementor-section-boxed elementor-section-height-default elementor-section-height-default\" data-id=\"dad253b\" data-element_type=\"section\">\n\t\t\t\t\t\t<div class=\"elementor-container elementor-column-gap-default\">\n\t\t\t\t\t<div class=\"elementor-column elementor-col-50 elementor-top-column elementor-element elementor-element-c1cb30f\" data-id=\"c1cb30f\" data-element_type=\"column\">\n\t\t\t<div class=\"elementor-widget-wrap elementor-element-populated\">\n\t\t\t\t\t\t\t\t<div class=\"elementor-element elementor-element-20cd567 elementor-cta--skin-cover elementor-animated-content elementor-bg-transform elementor-bg-transform-zoom-in elementor-widget elementor-widget-call-to-action\" data-id=\"20cd567\" data-element_type=\"widget\" data-widget_type=\"call-to-action.default\">\n\t\t\t\t<div class=\"elementor-widget-container\">\n\t\t\t\t\t<a href=\"http:\/\/montevardia-hotel.com\/de\/rooms\/single-room\/\" class=\"elementor-cta\">\n\t\t\t\t\t<div class=\"elementor-cta__bg-wrapper\">\n\t\t\t\t<div class=\"elementor-cta__bg elementor-bg\" style=\"background-image: url(https:\/\/montevardia-hotel.com\/wp-content\/uploads\/2021\/06\/single-room-pic-1-1024x576.jpg);\"><\/div>\n\t\t\t\t<div class=\"elementor-cta__bg-overlay\"><\/div>\n\t\t\t<\/div>\n\t\t\t\t\t\t\t<div class=\"elementor-cta__content\">\n\t\t\t\t\n\t\t\t\t\t\t\t\t\t<h2 class=\"elementor-cta__title elementor-cta__content-item elementor-content-item elementor-animated-item--enter-zoom-in\">\n\t\t\t\t\t\tEinzelzimmer\t\t\t\t\t<\/h2>\n\t\t\t\t\n\t\t\t\t\t\t\t\t\t<div class=\"elementor-cta__description elementor-cta__content-item elementor-content-item elementor-animated-item--enter-zoom-in\">\n\t\t\t\t\t\tDie einladende Einrichtung der ger\u00e4umigen Einzelzimmer bietet das ganze Jahr \u00fcber Komfort und Entspannung.\t\t\t\t\t<\/div>\n\t\t\t\t\n\t\t\t\t\t\t\t<\/div>\n\t\t\t\t\t\t<\/a>\n\t\t\t\t<\/div>\n\t\t\t\t<\/div>\n\t\t\t\t<div class=\"elementor-element elementor-element-abbe369 elementor-widget elementor-widget-heading\" data-id=\"abbe369\" data-element_type=\"widget\" data-widget_type=\"heading.default\">\n\t\t\t\t<div class=\"elementor-widget-container\">\n\t\t\t<h2 class=\"elementor-heading-title elementor-size-default\"><a href=\"http:\/\/montevardia-hotel.com\/de\/rooms\/single-room\/\">Einzelzimmer<\/a><\/h2>\t\t<\/div>\n\t\t\t\t<\/div>\n\t\t\t\t\t<\/div>\n\t\t<\/div>\n\t\t\t\t<div class=\"elementor-column elementor-col-50 elementor-top-column elementor-element elementor-element-673a67d\" data-id=\"673a67d\" data-element_type=\"column\">\n\t\t\t<div class=\"elementor-widget-wrap elementor-element-populated\">\n\t\t\t\t\t\t\t\t<div class=\"elementor-element elementor-element-e281dc5 elementor-cta--skin-cover elementor-animated-content elementor-bg-transform elementor-bg-transform-zoom-in elementor-widget elementor-widget-call-to-action\" data-id=\"e281dc5\" data-element_type=\"widget\" data-widget_type=\"call-to-action.default\">\n\t\t\t\t<div class=\"elementor-widget-container\">\n\t\t\t\t\t<a href=\"http:\/\/montevardia-hotel.com\/de\/rooms\/double-room\/\" class=\"elementor-cta\">\n\t\t\t\t\t<div class=\"elementor-cta__bg-wrapper\">\n\t\t\t\t<div class=\"elementor-cta__bg elementor-bg\" style=\"background-image: url(https:\/\/montevardia-hotel.com\/wp-content\/uploads\/2021\/06\/Double-room-pic-1-1024x576.jpg);\"><\/div>\n\t\t\t\t<div class=\"elementor-cta__bg-overlay\"><\/div>\n\t\t\t<\/div>\n\t\t\t\t\t\t\t<div class=\"elementor-cta__content\">\n\t\t\t\t\n\t\t\t\t\t\t\t\t\t<h2 class=\"elementor-cta__title elementor-cta__content-item elementor-content-item elementor-animated-item--enter-zoom-in\">\n\t\t\t\t\t\tSchlafzimmer mit Doppelbett\t\t\t\t\t<\/h2>\n\t\t\t\t\n\t\t\t\t\t\t\t\t\t<div class=\"elementor-cta__description elementor-cta__content-item elementor-content-item elementor-animated-item--enter-zoom-in\">\n\t\t\t\t\t\tAm besten geeignet f\u00fcr Paare da die Gr\u00f6\u00dfe des Zimmers und des Bettes es einem erm\u00f6glichen, sich zu entspannen und sich wie zu Hause zu f\u00fchlen.\t\t\t\t\t<\/div>\n\t\t\t\t\n\t\t\t\t\t\t\t<\/div>\n\t\t\t\t\t\t<\/a>\n\t\t\t\t<\/div>\n\t\t\t\t<\/div>\n\t\t\t\t<div class=\"elementor-element elementor-element-39aef37 elementor-widget elementor-widget-heading\" data-id=\"39aef37\" data-element_type=\"widget\" data-widget_type=\"heading.default\">\n\t\t\t\t<div class=\"elementor-widget-container\">\n\t\t\t<h2 class=\"elementor-heading-title elementor-size-default\"><a href=\"http:\/\/montevardia-hotel.com\/de\/rooms\/double-room\/\">Schlafzimmer mit Doppelbett<\/a><\/h2>\t\t<\/div>\n\t\t\t\t<\/div>\n\t\t\t\t\t<\/div>\n\t\t<\/div>\n\t\t\t\t\t\t\t<\/div>\n\t\t<\/section>\n\t\t\t\t<section class=\"elementor-section elementor-top-section elementor-element elementor-element-713bb86 elementor-section-boxed elementor-section-height-default elementor-section-height-default\" data-id=\"713bb86\" data-element_type=\"section\">\n\t\t\t\t\t\t<div class=\"elementor-container elementor-column-gap-default\">\n\t\t\t\t\t<div class=\"elementor-column elementor-col-50 elementor-top-column elementor-element elementor-element-ac9ecfe\" data-id=\"ac9ecfe\" data-element_type=\"column\">\n\t\t\t<div class=\"elementor-widget-wrap elementor-element-populated\">\n\t\t\t\t\t\t\t\t<div class=\"elementor-element elementor-element-c862dc2 elementor-cta--skin-cover elementor-animated-content elementor-bg-transform elementor-bg-transform-zoom-in elementor-widget elementor-widget-call-to-action\" data-id=\"c862dc2\" data-element_type=\"widget\" data-widget_type=\"call-to-action.default\">\n\t\t\t\t<div class=\"elementor-widget-container\">\n\t\t\t\t\t<a href=\"http:\/\/montevardia-hotel.com\/de\/rooms\/triple-room\/\" class=\"elementor-cta\">\n\t\t\t\t\t<div class=\"elementor-cta__bg-wrapper\">\n\t\t\t\t<div class=\"elementor-cta__bg elementor-bg\" style=\"background-image: url(https:\/\/montevardia-hotel.com\/wp-content\/uploads\/2021\/06\/triple-room-pic-4-1024x576.jpg);\"><\/div>\n\t\t\t\t<div class=\"elementor-cta__bg-overlay\"><\/div>\n\t\t\t<\/div>\n\t\t\t\t\t\t\t<div class=\"elementor-cta__content\">\n\t\t\t\t\n\t\t\t\t\t\t\t\t\t<h2 class=\"elementor-cta__title elementor-cta__content-item elementor-content-item elementor-animated-item--enter-zoom-in\">\n\t\t\t\t\t\tDreibettzimmer\t\t\t\t\t<\/h2>\n\t\t\t\t\n\t\t\t\t\t\t\t\t\t<div class=\"elementor-cta__description elementor-cta__content-item elementor-content-item elementor-animated-item--enter-zoom-in\">\n\t\t\t\t\t\tEine ausgezeichnete Wahl f\u00fcr Familie oder Freunde von bis zu 3 Personen\t\t\t\t\t<\/div>\n\t\t\t\t\n\t\t\t\t\t\t\t<\/div>\n\t\t\t\t\t\t<\/a>\n\t\t\t\t<\/div>\n\t\t\t\t<\/div>\n\t\t\t\t<div class=\"elementor-element elementor-element-35f792a elementor-widget elementor-widget-heading\" data-id=\"35f792a\" data-element_type=\"widget\" data-widget_type=\"heading.default\">\n\t\t\t\t<div class=\"elementor-widget-container\">\n\t\t\t<h2 class=\"elementor-heading-title elementor-size-default\"><a href=\"http:\/\/montevardia-hotel.com\/de\/rooms\/triple-room\/\">Dreibettzimmer<\/a><\/h2>\t\t<\/div>\n\t\t\t\t<\/div>\n\t\t\t\t\t<\/div>\n\t\t<\/div>\n\t\t\t\t<div class=\"elementor-column elementor-col-50 elementor-top-column elementor-element elementor-element-004a27f\" data-id=\"004a27f\" data-element_type=\"column\">\n\t\t\t<div class=\"elementor-widget-wrap elementor-element-populated\">\n\t\t\t\t\t\t\t\t<div class=\"elementor-element elementor-element-2f416e3 elementor-cta--skin-cover elementor-animated-content elementor-bg-transform elementor-bg-transform-zoom-in elementor-widget elementor-widget-call-to-action\" data-id=\"2f416e3\" data-element_type=\"widget\" data-widget_type=\"call-to-action.default\">\n\t\t\t\t<div class=\"elementor-widget-container\">\n\t\t\t\t\t<a href=\"http:\/\/montevardia-hotel.com\/de\/rooms\/family-room\/\" class=\"elementor-cta\">\n\t\t\t\t\t<div class=\"elementor-cta__bg-wrapper\">\n\t\t\t\t<div class=\"elementor-cta__bg elementor-bg\" style=\"background-image: url(https:\/\/montevardia-hotel.com\/wp-content\/uploads\/2021\/06\/family-pic-1-1024x576.jpg);\"><\/div>\n\t\t\t\t<div class=\"elementor-cta__bg-overlay\"><\/div>\n\t\t\t<\/div>\n\t\t\t\t\t\t\t<div class=\"elementor-cta__content\">\n\t\t\t\t\n\t\t\t\t\t\t\t\t\t<h2 class=\"elementor-cta__title elementor-cta__content-item elementor-content-item elementor-animated-item--enter-zoom-in\">\n\t\t\t\t\t\tFamilienzimmer\t\t\t\t\t<\/h2>\n\t\t\t\t\n\t\t\t\t\t\t\t\t\t<div class=\"elementor-cta__description elementor-cta__content-item elementor-content-item elementor-animated-item--enter-zoom-in\">\n\t\t\t\t\t\tDiese Zimmer, die eher wie Hotelappartements aussehen, sind ideal f\u00fcr den zus\u00e4tzlichen Bedarf an Platz und Komfort und bieten ein hervorragendes Preis-Leistungs-Verh\u00e4ltnis.\t\t\t\t\t<\/div>\n\t\t\t\t\n\t\t\t\t\t\t\t<\/div>\n\t\t\t\t\t\t<\/a>\n\t\t\t\t<\/div>\n\t\t\t\t<\/div>\n\t\t\t\t<div class=\"elementor-element elementor-element-e8f9358 elementor-widget elementor-widget-heading\" data-id=\"e8f9358\" data-element_type=\"widget\" data-widget_type=\"heading.default\">\n\t\t\t\t<div class=\"elementor-widget-container\">\n\t\t\t<h2 class=\"elementor-heading-title elementor-size-default\"><a href=\"http:\/\/montevardia-hotel.com\/de\/rooms\/family-room\/\">Familienzimmer<\/a><\/h2>\t\t<\/div>\n\t\t\t\t<\/div>\n\t\t\t\t\t<\/div>\n\t\t<\/div>\n\t\t\t\t\t\t\t<\/div>\n\t\t<\/section>\n\t\t\t\t\t\t<\/div>\n\t\t\t\t\t<\/div>\n\t\t","protected":false},"excerpt":{"rendered":"<p>Zimmertypen &#8211; Jedes Zimmer bietet individuellen Komfort &#8211; Einzelzimmer Die einladende Einrichtung der ger\u00e4umigen Einzelzimmer bietet das ganze Jahr \u00fcber Komfort und Entspannung. Einzelzimmer Schlafzimmer mit Doppelbett Am besten geeignet f\u00fcr Paare da die Gr\u00f6\u00dfe des Zimmers und des Bettes es einem erm\u00f6glichen, sich zu entspannen und sich wie zu Hause zu f\u00fchlen. Schlafzimmer mit [&hellip;]<\/p>\n","protected":false},"author":1,"featured_media":0,"parent":0,"menu_order":0,"comment_status":"closed","ping_status":"closed","template":"","meta":{"footnotes":""},"class_list":["post-1697","page","type-page","status-publish","hentry"],"yoast_head":"<!-- This site is optimized with the Yoast SEO plugin v24.3 - https:\/\/yoast.com\/wordpress\/plugins\/seo\/ -->\n<title>Hotelzimmer | Montevardia Hotel Chania Crete<\/title>\n<meta name=\"robots\" content=\"index, follow, max-snippet:-1, max-image-preview:large, max-video-preview:-1\" \/>\n<link rel=\"canonical\" href=\"https:\/\/montevardia-hotel.com\/de\/rooms\/\" \/>\n<meta property=\"og:locale\" content=\"de_DE\" \/>\n<meta property=\"og:type\" content=\"article\" \/>\n<meta property=\"og:title\" content=\"Hotelzimmer | Montevardia Hotel Chania Crete\" \/>\n<meta property=\"og:description\" content=\"Zimmertypen &#8211; Jedes Zimmer bietet individuellen Komfort &#8211; Einzelzimmer Die einladende Einrichtung der ger\u00e4umigen Einzelzimmer bietet das ganze Jahr \u00fcber Komfort und Entspannung. Einzelzimmer Schlafzimmer mit Doppelbett Am besten geeignet f\u00fcr Paare da die Gr\u00f6\u00dfe des Zimmers und des Bettes es einem erm\u00f6glichen, sich zu entspannen und sich wie zu Hause zu f\u00fchlen. Schlafzimmer mit [&hellip;]\" \/>\n<meta property=\"og:url\" content=\"https:\/\/montevardia-hotel.com\/de\/rooms\/\" \/>\n<meta property=\"og:site_name\" content=\"Montevardia Hotel Chania Crete\" \/>\n<meta property=\"article:publisher\" content=\"https:\/\/www.facebook.com\/montevardiahotel\" \/>\n<meta property=\"article:modified_time\" content=\"2022-05-11T10:37:06+00:00\" \/>\n<meta name=\"twitter:card\" content=\"summary_large_image\" \/>\n<meta name=\"twitter:label1\" content=\"Gesch\u00e4tzte Lesezeit\" \/>\n\t<meta name=\"twitter:data1\" content=\"1\u00a0Minute\" \/>\n<script type=\"application\/ld+json\" class=\"yoast-schema-graph\">{\"@context\":\"https:\/\/schema.org\",\"@graph\":[{\"@type\":\"WebPage\",\"@id\":\"https:\/\/montevardia-hotel.com\/de\/rooms\/\",\"url\":\"https:\/\/montevardia-hotel.com\/de\/rooms\/\",\"name\":\"Hotelzimmer | Montevardia Hotel Chania Crete\",\"isPartOf\":{\"@id\":\"https:\/\/montevardia-hotel.com\/#website\"},\"datePublished\":\"2021-06-04T10:27:38+00:00\",\"dateModified\":\"2022-05-11T10:37:06+00:00\",\"breadcrumb\":{\"@id\":\"https:\/\/montevardia-hotel.com\/de\/rooms\/#breadcrumb\"},\"inLanguage\":\"de\",\"potentialAction\":[{\"@type\":\"ReadAction\",\"target\":[\"https:\/\/montevardia-hotel.com\/de\/rooms\/\"]}]},{\"@type\":\"BreadcrumbList\",\"@id\":\"https:\/\/montevardia-hotel.com\/de\/rooms\/#breadcrumb\",\"itemListElement\":[{\"@type\":\"ListItem\",\"position\":1,\"name\":\"Home\",\"item\":\"https:\/\/montevardia-hotel.com\/\"},{\"@type\":\"ListItem\",\"position\":2,\"name\":\"Hotelzimmer\"}]},{\"@type\":\"WebSite\",\"@id\":\"https:\/\/montevardia-hotel.com\/#website\",\"url\":\"https:\/\/montevardia-hotel.com\/\",\"name\":\"Montevardia Hotel Chania Crete\",\"description\":\"\",\"publisher\":{\"@id\":\"https:\/\/montevardia-hotel.com\/#organization\"},\"potentialAction\":[{\"@type\":\"SearchAction\",\"target\":{\"@type\":\"EntryPoint\",\"urlTemplate\":\"https:\/\/montevardia-hotel.com\/?s={search_term_string}\"},\"query-input\":{\"@type\":\"PropertyValueSpecification\",\"valueRequired\":true,\"valueName\":\"search_term_string\"}}],\"inLanguage\":\"de\"},{\"@type\":\"Organization\",\"@id\":\"https:\/\/montevardia-hotel.com\/#organization\",\"name\":\"Montevardia Hotel Chania Crete\",\"url\":\"https:\/\/montevardia-hotel.com\/\",\"logo\":{\"@type\":\"ImageObject\",\"inLanguage\":\"de\",\"@id\":\"https:\/\/montevardia-hotel.com\/#\/schema\/logo\/image\/\",\"url\":\"https:\/\/montevardia-hotel.com\/wp-content\/uploads\/2022\/04\/Logo-montevardia-rooms-hd.png\",\"contentUrl\":\"https:\/\/montevardia-hotel.com\/wp-content\/uploads\/2022\/04\/Logo-montevardia-rooms-hd.png\",\"width\":452,\"height\":80,\"caption\":\"Montevardia Hotel Chania Crete\"},\"image\":{\"@id\":\"https:\/\/montevardia-hotel.com\/#\/schema\/logo\/image\/\"},\"sameAs\":[\"https:\/\/www.facebook.com\/montevardiahotel\",\"https:\/\/www.instagram.com\/gemscafebistro\/\"]}]}<\/script>\n<!-- \/ Yoast SEO plugin. -->","yoast_head_json":{"title":"Hotelzimmer | Montevardia Hotel Chania Crete","robots":{"index":"index","follow":"follow","max-snippet":"max-snippet:-1","max-image-preview":"max-image-preview:large","max-video-preview":"max-video-preview:-1"},"canonical":"https:\/\/montevardia-hotel.com\/de\/rooms\/","og_locale":"de_DE","og_type":"article","og_title":"Hotelzimmer | Montevardia Hotel Chania Crete","og_description":"Zimmertypen &#8211; Jedes Zimmer bietet individuellen Komfort &#8211; Einzelzimmer Die einladende Einrichtung der ger\u00e4umigen Einzelzimmer bietet das ganze Jahr \u00fcber Komfort und Entspannung. Einzelzimmer Schlafzimmer mit Doppelbett Am besten geeignet f\u00fcr Paare da die Gr\u00f6\u00dfe des Zimmers und des Bettes es einem erm\u00f6glichen, sich zu entspannen und sich wie zu Hause zu f\u00fchlen. Schlafzimmer mit [&hellip;]","og_url":"https:\/\/montevardia-hotel.com\/de\/rooms\/","og_site_name":"Montevardia Hotel Chania Crete","article_publisher":"https:\/\/www.facebook.com\/montevardiahotel","article_modified_time":"2022-05-11T10:37:06+00:00","twitter_card":"summary_large_image","twitter_misc":{"Gesch\u00e4tzte Lesezeit":"1\u00a0Minute"},"schema":{"@context":"https:\/\/schema.org","@graph":[{"@type":"WebPage","@id":"https:\/\/montevardia-hotel.com\/de\/rooms\/","url":"https:\/\/montevardia-hotel.com\/de\/rooms\/","name":"Hotelzimmer | Montevardia Hotel Chania Crete","isPartOf":{"@id":"https:\/\/montevardia-hotel.com\/#website"},"datePublished":"2021-06-04T10:27:38+00:00","dateModified":"2022-05-11T10:37:06+00:00","breadcrumb":{"@id":"https:\/\/montevardia-hotel.com\/de\/rooms\/#breadcrumb"},"inLanguage":"de","potentialAction":[{"@type":"ReadAction","target":["https:\/\/montevardia-hotel.com\/de\/rooms\/"]}]},{"@type":"BreadcrumbList","@id":"https:\/\/montevardia-hotel.com\/de\/rooms\/#breadcrumb","itemListElement":[{"@type":"ListItem","position":1,"name":"Home","item":"https:\/\/montevardia-hotel.com\/"},{"@type":"ListItem","position":2,"name":"Hotelzimmer"}]},{"@type":"WebSite","@id":"https:\/\/montevardia-hotel.com\/#website","url":"https:\/\/montevardia-hotel.com\/","name":"Montevardia Hotel Chania Crete","description":"","publisher":{"@id":"https:\/\/montevardia-hotel.com\/#organization"},"potentialAction":[{"@type":"SearchAction","target":{"@type":"EntryPoint","urlTemplate":"https:\/\/montevardia-hotel.com\/?s={search_term_string}"},"query-input":{"@type":"PropertyValueSpecification","valueRequired":true,"valueName":"search_term_string"}}],"inLanguage":"de"},{"@type":"Organization","@id":"https:\/\/montevardia-hotel.com\/#organization","name":"Montevardia Hotel Chania Crete","url":"https:\/\/montevardia-hotel.com\/","logo":{"@type":"ImageObject","inLanguage":"de","@id":"https:\/\/montevardia-hotel.com\/#\/schema\/logo\/image\/","url":"https:\/\/montevardia-hotel.com\/wp-content\/uploads\/2022\/04\/Logo-montevardia-rooms-hd.png","contentUrl":"https:\/\/montevardia-hotel.com\/wp-content\/uploads\/2022\/04\/Logo-montevardia-rooms-hd.png","width":452,"height":80,"caption":"Montevardia Hotel Chania Crete"},"image":{"@id":"https:\/\/montevardia-hotel.com\/#\/schema\/logo\/image\/"},"sameAs":["https:\/\/www.facebook.com\/montevardiahotel","https:\/\/www.instagram.com\/gemscafebistro\/"]}]}},"_links":{"self":[{"href":"https:\/\/montevardia-hotel.com\/de\/wp-json\/wp\/v2\/pages\/1697","targetHints":{"allow":["GET"]}}],"collection":[{"href":"https:\/\/montevardia-hotel.com\/de\/wp-json\/wp\/v2\/pages"}],"about":[{"href":"https:\/\/montevardia-hotel.com\/de\/wp-json\/wp\/v2\/types\/page"}],"author":[{"embeddable":true,"href":"https:\/\/montevardia-hotel.com\/de\/wp-json\/wp\/v2\/users\/1"}],"replies":[{"embeddable":true,"href":"https:\/\/montevardia-hotel.com\/de\/wp-json\/wp\/v2\/comments?post=1697"}],"version-history":[{"count":4,"href":"https:\/\/montevardia-hotel.com\/de\/wp-json\/wp\/v2\/pages\/1697\/revisions"}],"predecessor-version":[{"id":3993,"href":"https:\/\/montevardia-hotel.com\/de\/wp-json\/wp\/v2\/pages\/1697\/revisions\/3993"}],"wp:attachment":[{"href":"https:\/\/montevardia-hotel.com\/de\/wp-json\/wp\/v2\/media?parent=1697"}],"curies":[{"name":"wp","href":"https:\/\/api.w.org\/{rel}","templated":true}]}}