{"id":1784,"date":"2021-06-04T15:51:59","date_gmt":"2021-06-04T12:51:59","guid":{"rendered":"http:\/\/montevardia-hotel.com\/gems-cafe-bistro\/"},"modified":"2022-05-11T13:07:40","modified_gmt":"2022-05-11T10:07:40","slug":"gems-cafe-bistro","status":"publish","type":"page","link":"https:\/\/montevardia-hotel.com\/de\/gems-cafe-bistro\/","title":{"rendered":"Gems Cafe\/Bistro"},"content":{"rendered":"\t\t<div data-elementor-type=\"wp-page\" data-elementor-id=\"1784\" class=\"elementor elementor-1784 elementor-182\" data-elementor-settings=\"[]\">\n\t\t\t\t\t\t\t<div class=\"elementor-section-wrap\">\n\t\t\t\t\t\t\t<section class=\"elementor-section elementor-top-section elementor-element elementor-element-cac5848 elementor-section-boxed elementor-section-height-default elementor-section-height-default\" data-id=\"cac5848\" data-element_type=\"section\">\n\t\t\t\t\t\t<div class=\"elementor-container elementor-column-gap-default\">\n\t\t\t\t\t<div class=\"elementor-column elementor-col-100 elementor-top-column elementor-element elementor-element-de67d26 animated-slow elementor-invisible\" data-id=\"de67d26\" data-element_type=\"column\" data-settings=\"{&quot;animation&quot;:&quot;fadeIn&quot;}\">\n\t\t\t<div class=\"elementor-widget-wrap elementor-element-populated\">\n\t\t\t\t\t\t\t\t<div class=\"elementor-element elementor-element-bc35775 elementor-widget elementor-widget-image\" data-id=\"bc35775\" data-element_type=\"widget\" data-widget_type=\"image.default\">\n\t\t\t\t<div class=\"elementor-widget-container\">\n\t\t\t\t\t\t\t\t\t\t\t\t\t\t\t<img loading=\"lazy\" decoding=\"async\" width=\"490\" height=\"222\" src=\"https:\/\/montevardia-hotel.com\/wp-content\/uploads\/2022\/05\/gems-cafe-logo.png\" class=\"attachment-large size-large\" alt=\"\" srcset=\"https:\/\/montevardia-hotel.com\/wp-content\/uploads\/2022\/05\/gems-cafe-logo.png 490w, https:\/\/montevardia-hotel.com\/wp-content\/uploads\/2022\/05\/gems-cafe-logo-300x136.png 300w\" sizes=\"auto, (max-width: 490px) 100vw, 490px\" \/>\t\t\t\t\t\t\t\t\t\t\t\t\t\t\t<\/div>\n\t\t\t\t<\/div>\n\t\t\t\t\t<\/div>\n\t\t<\/div>\n\t\t\t\t\t\t\t<\/div>\n\t\t<\/section>\n\t\t\t\t<section class=\"elementor-section elementor-top-section elementor-element elementor-element-9b4799 elementor-section-boxed elementor-section-height-default elementor-section-height-default\" data-id=\"9b4799\" data-element_type=\"section\">\n\t\t\t\t\t\t<div class=\"elementor-container elementor-column-gap-default\">\n\t\t\t\t\t<div class=\"elementor-column elementor-col-50 elementor-top-column elementor-element elementor-element-109b0e54 elementor-invisible\" data-id=\"109b0e54\" data-element_type=\"column\" data-settings=\"{&quot;animation&quot;:&quot;slideInLeft&quot;}\">\n\t\t\t<div class=\"elementor-widget-wrap elementor-element-populated\">\n\t\t\t\t\t\t\t\t<div class=\"elementor-element elementor-element-2f025ab7 elementor-widget elementor-widget-text-editor\" data-id=\"2f025ab7\" data-element_type=\"widget\" data-widget_type=\"text-editor.default\">\n\t\t\t\t<div class=\"elementor-widget-container\">\n\t\t\t\t\t\t\t<p>Gems befindet sich im Erdgeschoss des Hotels Monte Vardia und ist f\u00fcr die \u00d6ffentlichkeit zug\u00e4nglich. Es bietet ein komplettes Restaurantmen\u00fc in entspannter Atmosph\u00e4re mit einer Auswahl an einheimischem und importiertem Bier, Wein und saisonalen Cocktails.<\/p><p>Auch f\u00fcr alle Gelegenheiten geeignet, vom Firmenevent bis zum privaten Abendessen, ohne das bekannte Bistro-Element der Nachbarschaft zu verlieren. (Sommerveranstaltungen k\u00f6nnen am Pool organisiert werden)<\/p>\t\t\t\t\t\t<\/div>\n\t\t\t\t<\/div>\n\t\t\t\t\t<\/div>\n\t\t<\/div>\n\t\t\t\t<div class=\"elementor-column elementor-col-50 elementor-top-column elementor-element elementor-element-ee76db5 elementor-invisible\" data-id=\"ee76db5\" data-element_type=\"column\" data-settings=\"{&quot;animation&quot;:&quot;slideInRight&quot;}\">\n\t\t\t<div class=\"elementor-widget-wrap elementor-element-populated\">\n\t\t\t\t\t\t\t\t<div class=\"elementor-element elementor-element-23318ae3 elementor-widget elementor-widget-image\" data-id=\"23318ae3\" data-element_type=\"widget\" data-widget_type=\"image.default\">\n\t\t\t\t<div class=\"elementor-widget-container\">\n\t\t\t\t\t\t\t\t\t\t\t\t\t\t\t<img loading=\"lazy\" decoding=\"async\" width=\"588\" height=\"441\" src=\"https:\/\/montevardia-hotel.com\/wp-content\/uploads\/2021\/06\/gems-main.jpg\" class=\"attachment-large size-large\" alt=\"Gems restaurant 2\" srcset=\"https:\/\/montevardia-hotel.com\/wp-content\/uploads\/2021\/06\/gems-main.jpg 588w, https:\/\/montevardia-hotel.com\/wp-content\/uploads\/2021\/06\/gems-main-300x225.jpg 300w\" sizes=\"auto, (max-width: 588px) 100vw, 588px\" \/>\t\t\t\t\t\t\t\t\t\t\t\t\t\t\t<\/div>\n\t\t\t\t<\/div>\n\t\t\t\t\t<\/div>\n\t\t<\/div>\n\t\t\t\t\t\t\t<\/div>\n\t\t<\/section>\n\t\t\t\t<section class=\"elementor-section elementor-top-section elementor-element elementor-element-4115167 elementor-section-boxed elementor-section-height-default elementor-section-height-default\" data-id=\"4115167\" data-element_type=\"section\">\n\t\t\t\t\t\t<div class=\"elementor-container elementor-column-gap-default\">\n\t\t\t\t\t<div class=\"elementor-column elementor-col-100 elementor-top-column elementor-element elementor-element-1fd0c33\" data-id=\"1fd0c33\" data-element_type=\"column\">\n\t\t\t<div class=\"elementor-widget-wrap elementor-element-populated\">\n\t\t\t\t\t\t\t\t<div class=\"elementor-element elementor-element-4c3e602 elementor-invisible elementor-widget elementor-widget-gallery\" data-id=\"4c3e602\" data-element_type=\"widget\" data-settings=\"{&quot;_animation&quot;:&quot;slideInUp&quot;,&quot;overlay_title&quot;:&quot;title&quot;,&quot;lazyload&quot;:&quot;yes&quot;,&quot;gallery_layout&quot;:&quot;grid&quot;,&quot;columns&quot;:4,&quot;columns_tablet&quot;:2,&quot;columns_mobile&quot;:1,&quot;gap&quot;:{&quot;unit&quot;:&quot;px&quot;,&quot;size&quot;:10,&quot;sizes&quot;:[]},&quot;gap_tablet&quot;:{&quot;unit&quot;:&quot;px&quot;,&quot;size&quot;:10,&quot;sizes&quot;:[]},&quot;gap_mobile&quot;:{&quot;unit&quot;:&quot;px&quot;,&quot;size&quot;:10,&quot;sizes&quot;:[]},&quot;link_to&quot;:&quot;file&quot;,&quot;aspect_ratio&quot;:&quot;3:2&quot;,&quot;overlay_background&quot;:&quot;yes&quot;,&quot;content_hover_animation&quot;:&quot;fade-in&quot;}\" data-widget_type=\"gallery.default\">\n\t\t\t\t<div class=\"elementor-widget-container\">\n\t\t\t\t\t<div class=\"elementor-gallery__container\">\n\t\t\t\t\t\t\t<a class=\"e-gallery-item elementor-gallery-item elementor-animated-content\" href=\"https:\/\/montevardia-hotel.com\/wp-content\/uploads\/2021\/06\/gems-1.jpg\" data-elementor-open-lightbox=\"yes\" data-elementor-lightbox-slideshow=\"all-4c3e602\" data-elementor-lightbox-title=\"Gems restaurant\" data-elementor-lightbox-description=\"Gems restaurant\">\n\t\t\t\t\t<div class=\"e-gallery-image elementor-gallery-item__image\" data-thumbnail=\"https:\/\/montevardia-hotel.com\/wp-content\/uploads\/2021\/06\/gems-1-300x169.jpg\" data-width=\"300\" data-height=\"169\" alt=\"Gems restaurant\" ><\/div>\n\t\t\t\t\t\t\t\t\t\t<div class=\"elementor-gallery-item__overlay\"><\/div>\n\t\t\t\t\t\t\t\t\t\t\t\t\t\t\t<div class=\"elementor-gallery-item__content\">\n\t\t\t\t\t\t\t\t\t\t\t\t\t<div class=\"elementor-gallery-item__title\">Gems restaurant<\/div>\n\t\t\t\t\t\t\t\t\t\t\t\t<\/div>\n\t\t\t\t\t\t\t\t\t<\/a>\n\t\t\t\t\t\t\t<a class=\"e-gallery-item elementor-gallery-item elementor-animated-content\" href=\"https:\/\/montevardia-hotel.com\/wp-content\/uploads\/2021\/06\/gems-2-1.jpg\" data-elementor-open-lightbox=\"yes\" data-elementor-lightbox-slideshow=\"all-4c3e602\" data-elementor-lightbox-title=\"Gems restaurant\" data-elementor-lightbox-description=\"Gems restaurant\">\n\t\t\t\t\t<div class=\"e-gallery-image elementor-gallery-item__image\" data-thumbnail=\"https:\/\/montevardia-hotel.com\/wp-content\/uploads\/2021\/06\/gems-2-1-300x169.jpg\" data-width=\"300\" data-height=\"169\" alt=\"Gems restaurant\" ><\/div>\n\t\t\t\t\t\t\t\t\t\t<div class=\"elementor-gallery-item__overlay\"><\/div>\n\t\t\t\t\t\t\t\t\t\t\t\t\t\t\t<div class=\"elementor-gallery-item__content\">\n\t\t\t\t\t\t\t\t\t\t\t\t\t<div class=\"elementor-gallery-item__title\">Gems restaurant<\/div>\n\t\t\t\t\t\t\t\t\t\t\t\t<\/div>\n\t\t\t\t\t\t\t\t\t<\/a>\n\t\t\t\t\t\t\t<a class=\"e-gallery-item elementor-gallery-item elementor-animated-content\" href=\"https:\/\/montevardia-hotel.com\/wp-content\/uploads\/2021\/06\/gems-3.jpg\" data-elementor-open-lightbox=\"yes\" data-elementor-lightbox-slideshow=\"all-4c3e602\" data-elementor-lightbox-title=\"Gems restaurant\" data-elementor-lightbox-description=\"Gems restaurant\">\n\t\t\t\t\t<div class=\"e-gallery-image elementor-gallery-item__image\" data-thumbnail=\"https:\/\/montevardia-hotel.com\/wp-content\/uploads\/2021\/06\/gems-3-300x169.jpg\" data-width=\"300\" data-height=\"169\" alt=\"Gems restaurant\" ><\/div>\n\t\t\t\t\t\t\t\t\t\t<div class=\"elementor-gallery-item__overlay\"><\/div>\n\t\t\t\t\t\t\t\t\t\t\t\t\t\t\t<div class=\"elementor-gallery-item__content\">\n\t\t\t\t\t\t\t\t\t\t\t\t\t<div class=\"elementor-gallery-item__title\">Gems restaurant<\/div>\n\t\t\t\t\t\t\t\t\t\t\t\t<\/div>\n\t\t\t\t\t\t\t\t\t<\/a>\n\t\t\t\t\t\t\t<a class=\"e-gallery-item elementor-gallery-item elementor-animated-content\" href=\"https:\/\/montevardia-hotel.com\/wp-content\/uploads\/2021\/06\/gems-4.jpg\" data-elementor-open-lightbox=\"yes\" data-elementor-lightbox-slideshow=\"all-4c3e602\" data-elementor-lightbox-title=\"Gems restaurant\" data-elementor-lightbox-description=\"Gems restaurant\">\n\t\t\t\t\t<div class=\"e-gallery-image elementor-gallery-item__image\" data-thumbnail=\"https:\/\/montevardia-hotel.com\/wp-content\/uploads\/2021\/06\/gems-4-300x225.jpg\" data-width=\"300\" data-height=\"225\" alt=\"Gems restaurant\" ><\/div>\n\t\t\t\t\t\t\t\t\t\t<div class=\"elementor-gallery-item__overlay\"><\/div>\n\t\t\t\t\t\t\t\t\t\t\t\t\t\t\t<div class=\"elementor-gallery-item__content\">\n\t\t\t\t\t\t\t\t\t\t\t\t\t<div class=\"elementor-gallery-item__title\">Gems restaurant<\/div>\n\t\t\t\t\t\t\t\t\t\t\t\t<\/div>\n\t\t\t\t\t\t\t\t\t<\/a>\n\t\t\t\t\t<\/div>\n\t\t\t<\/div>\n\t\t\t\t<\/div>\n\t\t\t\t\t<\/div>\n\t\t<\/div>\n\t\t\t\t\t\t\t<\/div>\n\t\t<\/section>\n\t\t\t\t\t\t<\/div>\n\t\t\t\t\t<\/div>\n\t\t","protected":false},"excerpt":{"rendered":"<p>Gems befindet sich im Erdgeschoss des Hotels Monte Vardia und ist f\u00fcr die \u00d6ffentlichkeit zug\u00e4nglich. Es bietet ein komplettes Restaurantmen\u00fc in entspannter Atmosph\u00e4re mit einer Auswahl an einheimischem und importiertem Bier, Wein und saisonalen Cocktails. Auch f\u00fcr alle Gelegenheiten geeignet, vom Firmenevent bis zum privaten Abendessen, ohne das bekannte Bistro-Element der Nachbarschaft zu verlieren. (Sommerveranstaltungen [&hellip;]<\/p>\n","protected":false},"author":1,"featured_media":0,"parent":0,"menu_order":0,"comment_status":"closed","ping_status":"closed","template":"","meta":{"footnotes":""},"class_list":["post-1784","page","type-page","status-publish","hentry"],"yoast_head":"<!-- This site is optimized with the Yoast SEO plugin v24.3 - https:\/\/yoast.com\/wordpress\/plugins\/seo\/ -->\n<title>Gems Cafe\/Bistro | Montevardia Hotel Chania Crete<\/title>\n<meta name=\"robots\" content=\"index, follow, max-snippet:-1, max-image-preview:large, max-video-preview:-1\" \/>\n<link rel=\"canonical\" href=\"https:\/\/montevardia-hotel.com\/de\/gems-cafe-bistro\/\" \/>\n<meta property=\"og:locale\" content=\"de_DE\" \/>\n<meta property=\"og:type\" content=\"article\" \/>\n<meta property=\"og:title\" content=\"Gems Cafe\/Bistro | Montevardia Hotel Chania Crete\" \/>\n<meta property=\"og:description\" content=\"Gems befindet sich im Erdgeschoss des Hotels Monte Vardia und ist f\u00fcr die \u00d6ffentlichkeit zug\u00e4nglich. Es bietet ein komplettes Restaurantmen\u00fc in entspannter Atmosph\u00e4re mit einer Auswahl an einheimischem und importiertem Bier, Wein und saisonalen Cocktails. Auch f\u00fcr alle Gelegenheiten geeignet, vom Firmenevent bis zum privaten Abendessen, ohne das bekannte Bistro-Element der Nachbarschaft zu verlieren. (Sommerveranstaltungen [&hellip;]\" \/>\n<meta property=\"og:url\" content=\"https:\/\/montevardia-hotel.com\/de\/gems-cafe-bistro\/\" \/>\n<meta property=\"og:site_name\" content=\"Montevardia Hotel Chania Crete\" \/>\n<meta property=\"article:publisher\" content=\"https:\/\/www.facebook.com\/montevardiahotel\" \/>\n<meta property=\"article:modified_time\" content=\"2022-05-11T10:07:40+00:00\" \/>\n<meta property=\"og:image\" content=\"https:\/\/montevardia-hotel.com\/wp-content\/uploads\/2022\/05\/gems-cafe-logo.png\" \/>\n<meta name=\"twitter:card\" content=\"summary_large_image\" \/>\n<meta name=\"twitter:label1\" content=\"Gesch\u00e4tzte Lesezeit\" \/>\n\t<meta name=\"twitter:data1\" content=\"1\u00a0Minute\" \/>\n<script type=\"application\/ld+json\" class=\"yoast-schema-graph\">{\"@context\":\"https:\/\/schema.org\",\"@graph\":[{\"@type\":\"WebPage\",\"@id\":\"https:\/\/montevardia-hotel.com\/de\/gems-cafe-bistro\/\",\"url\":\"https:\/\/montevardia-hotel.com\/de\/gems-cafe-bistro\/\",\"name\":\"Gems Cafe\/Bistro | Montevardia Hotel Chania Crete\",\"isPartOf\":{\"@id\":\"https:\/\/montevardia-hotel.com\/#website\"},\"primaryImageOfPage\":{\"@id\":\"https:\/\/montevardia-hotel.com\/de\/gems-cafe-bistro\/#primaryimage\"},\"image\":{\"@id\":\"https:\/\/montevardia-hotel.com\/de\/gems-cafe-bistro\/#primaryimage\"},\"thumbnailUrl\":\"https:\/\/montevardia-hotel.com\/wp-content\/uploads\/2022\/05\/gems-cafe-logo.png\",\"datePublished\":\"2021-06-04T12:51:59+00:00\",\"dateModified\":\"2022-05-11T10:07:40+00:00\",\"breadcrumb\":{\"@id\":\"https:\/\/montevardia-hotel.com\/de\/gems-cafe-bistro\/#breadcrumb\"},\"inLanguage\":\"de\",\"potentialAction\":[{\"@type\":\"ReadAction\",\"target\":[\"https:\/\/montevardia-hotel.com\/de\/gems-cafe-bistro\/\"]}]},{\"@type\":\"ImageObject\",\"inLanguage\":\"de\",\"@id\":\"https:\/\/montevardia-hotel.com\/de\/gems-cafe-bistro\/#primaryimage\",\"url\":\"https:\/\/montevardia-hotel.com\/wp-content\/uploads\/2022\/05\/gems-cafe-logo.png\",\"contentUrl\":\"https:\/\/montevardia-hotel.com\/wp-content\/uploads\/2022\/05\/gems-cafe-logo.png\"},{\"@type\":\"BreadcrumbList\",\"@id\":\"https:\/\/montevardia-hotel.com\/de\/gems-cafe-bistro\/#breadcrumb\",\"itemListElement\":[{\"@type\":\"ListItem\",\"position\":1,\"name\":\"Home\",\"item\":\"https:\/\/montevardia-hotel.com\/\"},{\"@type\":\"ListItem\",\"position\":2,\"name\":\"Gems Cafe\/Bistro\"}]},{\"@type\":\"WebSite\",\"@id\":\"https:\/\/montevardia-hotel.com\/#website\",\"url\":\"https:\/\/montevardia-hotel.com\/\",\"name\":\"Montevardia Hotel Chania Crete\",\"description\":\"\",\"publisher\":{\"@id\":\"https:\/\/montevardia-hotel.com\/#organization\"},\"potentialAction\":[{\"@type\":\"SearchAction\",\"target\":{\"@type\":\"EntryPoint\",\"urlTemplate\":\"https:\/\/montevardia-hotel.com\/?s={search_term_string}\"},\"query-input\":{\"@type\":\"PropertyValueSpecification\",\"valueRequired\":true,\"valueName\":\"search_term_string\"}}],\"inLanguage\":\"de\"},{\"@type\":\"Organization\",\"@id\":\"https:\/\/montevardia-hotel.com\/#organization\",\"name\":\"Montevardia Hotel Chania Crete\",\"url\":\"https:\/\/montevardia-hotel.com\/\",\"logo\":{\"@type\":\"ImageObject\",\"inLanguage\":\"de\",\"@id\":\"https:\/\/montevardia-hotel.com\/#\/schema\/logo\/image\/\",\"url\":\"https:\/\/montevardia-hotel.com\/wp-content\/uploads\/2022\/04\/Logo-montevardia-rooms-hd.png\",\"contentUrl\":\"https:\/\/montevardia-hotel.com\/wp-content\/uploads\/2022\/04\/Logo-montevardia-rooms-hd.png\",\"width\":452,\"height\":80,\"caption\":\"Montevardia Hotel Chania Crete\"},\"image\":{\"@id\":\"https:\/\/montevardia-hotel.com\/#\/schema\/logo\/image\/\"},\"sameAs\":[\"https:\/\/www.facebook.com\/montevardiahotel\",\"https:\/\/www.instagram.com\/gemscafebistro\/\"]}]}<\/script>\n<!-- \/ Yoast SEO plugin. -->","yoast_head_json":{"title":"Gems Cafe\/Bistro | Montevardia Hotel Chania Crete","robots":{"index":"index","follow":"follow","max-snippet":"max-snippet:-1","max-image-preview":"max-image-preview:large","max-video-preview":"max-video-preview:-1"},"canonical":"https:\/\/montevardia-hotel.com\/de\/gems-cafe-bistro\/","og_locale":"de_DE","og_type":"article","og_title":"Gems Cafe\/Bistro | Montevardia Hotel Chania Crete","og_description":"Gems befindet sich im Erdgeschoss des Hotels Monte Vardia und ist f\u00fcr die \u00d6ffentlichkeit zug\u00e4nglich. Es bietet ein komplettes Restaurantmen\u00fc in entspannter Atmosph\u00e4re mit einer Auswahl an einheimischem und importiertem Bier, Wein und saisonalen Cocktails. Auch f\u00fcr alle Gelegenheiten geeignet, vom Firmenevent bis zum privaten Abendessen, ohne das bekannte Bistro-Element der Nachbarschaft zu verlieren. (Sommerveranstaltungen [&hellip;]","og_url":"https:\/\/montevardia-hotel.com\/de\/gems-cafe-bistro\/","og_site_name":"Montevardia Hotel Chania Crete","article_publisher":"https:\/\/www.facebook.com\/montevardiahotel","article_modified_time":"2022-05-11T10:07:40+00:00","og_image":[{"url":"https:\/\/montevardia-hotel.com\/wp-content\/uploads\/2022\/05\/gems-cafe-logo.png","type":"","width":"","height":""}],"twitter_card":"summary_large_image","twitter_misc":{"Gesch\u00e4tzte Lesezeit":"1\u00a0Minute"},"schema":{"@context":"https:\/\/schema.org","@graph":[{"@type":"WebPage","@id":"https:\/\/montevardia-hotel.com\/de\/gems-cafe-bistro\/","url":"https:\/\/montevardia-hotel.com\/de\/gems-cafe-bistro\/","name":"Gems Cafe\/Bistro | Montevardia Hotel Chania Crete","isPartOf":{"@id":"https:\/\/montevardia-hotel.com\/#website"},"primaryImageOfPage":{"@id":"https:\/\/montevardia-hotel.com\/de\/gems-cafe-bistro\/#primaryimage"},"image":{"@id":"https:\/\/montevardia-hotel.com\/de\/gems-cafe-bistro\/#primaryimage"},"thumbnailUrl":"https:\/\/montevardia-hotel.com\/wp-content\/uploads\/2022\/05\/gems-cafe-logo.png","datePublished":"2021-06-04T12:51:59+00:00","dateModified":"2022-05-11T10:07:40+00:00","breadcrumb":{"@id":"https:\/\/montevardia-hotel.com\/de\/gems-cafe-bistro\/#breadcrumb"},"inLanguage":"de","potentialAction":[{"@type":"ReadAction","target":["https:\/\/montevardia-hotel.com\/de\/gems-cafe-bistro\/"]}]},{"@type":"ImageObject","inLanguage":"de","@id":"https:\/\/montevardia-hotel.com\/de\/gems-cafe-bistro\/#primaryimage","url":"https:\/\/montevardia-hotel.com\/wp-content\/uploads\/2022\/05\/gems-cafe-logo.png","contentUrl":"https:\/\/montevardia-hotel.com\/wp-content\/uploads\/2022\/05\/gems-cafe-logo.png"},{"@type":"BreadcrumbList","@id":"https:\/\/montevardia-hotel.com\/de\/gems-cafe-bistro\/#breadcrumb","itemListElement":[{"@type":"ListItem","position":1,"name":"Home","item":"https:\/\/montevardia-hotel.com\/"},{"@type":"ListItem","position":2,"name":"Gems Cafe\/Bistro"}]},{"@type":"WebSite","@id":"https:\/\/montevardia-hotel.com\/#website","url":"https:\/\/montevardia-hotel.com\/","name":"Montevardia Hotel Chania Crete","description":"","publisher":{"@id":"https:\/\/montevardia-hotel.com\/#organization"},"potentialAction":[{"@type":"SearchAction","target":{"@type":"EntryPoint","urlTemplate":"https:\/\/montevardia-hotel.com\/?s={search_term_string}"},"query-input":{"@type":"PropertyValueSpecification","valueRequired":true,"valueName":"search_term_string"}}],"inLanguage":"de"},{"@type":"Organization","@id":"https:\/\/montevardia-hotel.com\/#organization","name":"Montevardia Hotel Chania Crete","url":"https:\/\/montevardia-hotel.com\/","logo":{"@type":"ImageObject","inLanguage":"de","@id":"https:\/\/montevardia-hotel.com\/#\/schema\/logo\/image\/","url":"https:\/\/montevardia-hotel.com\/wp-content\/uploads\/2022\/04\/Logo-montevardia-rooms-hd.png","contentUrl":"https:\/\/montevardia-hotel.com\/wp-content\/uploads\/2022\/04\/Logo-montevardia-rooms-hd.png","width":452,"height":80,"caption":"Montevardia Hotel Chania Crete"},"image":{"@id":"https:\/\/montevardia-hotel.com\/#\/schema\/logo\/image\/"},"sameAs":["https:\/\/www.facebook.com\/montevardiahotel","https:\/\/www.instagram.com\/gemscafebistro\/"]}]}},"_links":{"self":[{"href":"https:\/\/montevardia-hotel.com\/de\/wp-json\/wp\/v2\/pages\/1784","targetHints":{"allow":["GET"]}}],"collection":[{"href":"https:\/\/montevardia-hotel.com\/de\/wp-json\/wp\/v2\/pages"}],"about":[{"href":"https:\/\/montevardia-hotel.com\/de\/wp-json\/wp\/v2\/types\/page"}],"author":[{"embeddable":true,"href":"https:\/\/montevardia-hotel.com\/de\/wp-json\/wp\/v2\/users\/1"}],"replies":[{"embeddable":true,"href":"https:\/\/montevardia-hotel.com\/de\/wp-json\/wp\/v2\/comments?post=1784"}],"version-history":[{"count":4,"href":"https:\/\/montevardia-hotel.com\/de\/wp-json\/wp\/v2\/pages\/1784\/revisions"}],"predecessor-version":[{"id":3988,"href":"https:\/\/montevardia-hotel.com\/de\/wp-json\/wp\/v2\/pages\/1784\/revisions\/3988"}],"wp:attachment":[{"href":"https:\/\/montevardia-hotel.com\/de\/wp-json\/wp\/v2\/media?parent=1784"}],"curies":[{"name":"wp","href":"https:\/\/api.w.org\/{rel}","templated":true}]}}