{"id":1808,"date":"2021-06-04T08:01:13","date_gmt":"2021-06-04T05:01:13","guid":{"rendered":"http:\/\/montevardia-hotel.com\/privacy-policy\/"},"modified":"2022-05-13T11:33:12","modified_gmt":"2022-05-13T08:33:12","slug":"privacy-policy","status":"publish","type":"page","link":"https:\/\/montevardia-hotel.com\/de\/privacy-policy\/","title":{"rendered":"Datenschutz-Bestimmungen"},"content":{"rendered":"\t\t<div data-elementor-type=\"wp-page\" data-elementor-id=\"1808\" class=\"elementor elementor-1808 elementor-3\" data-elementor-settings=\"[]\">\n\t\t\t\t\t\t\t<div class=\"elementor-section-wrap\">\n\t\t\t\t\t\t\t<section class=\"elementor-section elementor-top-section elementor-element elementor-element-3769e333 elementor-section-boxed elementor-section-height-default elementor-section-height-default\" data-id=\"3769e333\" data-element_type=\"section\">\n\t\t\t\t\t\t<div class=\"elementor-container elementor-column-gap-default\">\n\t\t\t\t\t<div class=\"elementor-column elementor-col-100 elementor-top-column elementor-element elementor-element-12977bc3\" data-id=\"12977bc3\" data-element_type=\"column\">\n\t\t\t<div class=\"elementor-widget-wrap elementor-element-populated\">\n\t\t\t\t\t\t\t\t<div class=\"elementor-element elementor-element-ae2bce7 elementor-widget elementor-widget-heading\" data-id=\"ae2bce7\" data-element_type=\"widget\" data-widget_type=\"heading.default\">\n\t\t\t\t<div class=\"elementor-widget-container\">\n\t\t\t<h1 class=\"elementor-heading-title elementor-size-default\">Datenschutzerkl\u00e4rung nach DSGVO<\/h1>\t\t<\/div>\n\t\t\t\t<\/div>\n\t\t\t\t\t<\/div>\n\t\t<\/div>\n\t\t\t\t\t\t\t<\/div>\n\t\t<\/section>\n\t\t\t\t<section class=\"elementor-section elementor-top-section elementor-element elementor-element-77788fae elementor-section-boxed elementor-section-height-default elementor-section-height-default\" data-id=\"77788fae\" data-element_type=\"section\">\n\t\t\t\t\t\t<div class=\"elementor-container elementor-column-gap-default\">\n\t\t\t\t\t<div class=\"elementor-column elementor-col-100 elementor-top-column elementor-element elementor-element-781e44a8\" data-id=\"781e44a8\" data-element_type=\"column\">\n\t\t\t<div class=\"elementor-widget-wrap elementor-element-populated\">\n\t\t\t\t\t\t\t\t<div class=\"elementor-element elementor-element-296ae8f elementor-widget elementor-widget-image\" data-id=\"296ae8f\" data-element_type=\"widget\" data-widget_type=\"image.default\">\n\t\t\t\t<div class=\"elementor-widget-container\">\n\t\t\t\t\t\t\t\t\t\t\t\t\t\t\t<img loading=\"lazy\" decoding=\"async\" width=\"800\" height=\"295\" src=\"https:\/\/montevardia-hotel.com\/wp-content\/uploads\/2021\/07\/GDPRs.png\" class=\"attachment-large size-large\" alt=\"Montevardia gdpr\" srcset=\"https:\/\/montevardia-hotel.com\/wp-content\/uploads\/2021\/07\/GDPRs.png 800w, https:\/\/montevardia-hotel.com\/wp-content\/uploads\/2021\/07\/GDPRs-300x111.png 300w, https:\/\/montevardia-hotel.com\/wp-content\/uploads\/2021\/07\/GDPRs-768x283.png 768w\" sizes=\"auto, (max-width: 800px) 100vw, 800px\" \/>\t\t\t\t\t\t\t\t\t\t\t\t\t\t\t<\/div>\n\t\t\t\t<\/div>\n\t\t\t\t\t<\/div>\n\t\t<\/div>\n\t\t\t\t\t\t\t<\/div>\n\t\t<\/section>\n\t\t\t\t<section class=\"elementor-section elementor-top-section elementor-element elementor-element-32eb5e55 elementor-section-boxed elementor-section-height-default elementor-section-height-default\" data-id=\"32eb5e55\" data-element_type=\"section\">\n\t\t\t\t\t\t<div class=\"elementor-container elementor-column-gap-default\">\n\t\t\t\t\t<div class=\"elementor-column elementor-col-100 elementor-top-column elementor-element elementor-element-3aada65e\" data-id=\"3aada65e\" data-element_type=\"column\">\n\t\t\t<div class=\"elementor-widget-wrap elementor-element-populated\">\n\t\t\t\t\t\t\t\t<div class=\"elementor-element elementor-element-e0c30f1 elementor-widget elementor-widget-text-editor\" data-id=\"e0c30f1\" data-element_type=\"widget\" data-widget_type=\"text-editor.default\">\n\t\t\t\t<div class=\"elementor-widget-container\">\n\t\t\t\t\t\t\t<p>Welche personenbezogenen Daten erfassen wir von Personen, die unseren Blog, unsere Website oder unsere App besuchen?<\/p><p>Bei der Bestellung oder Registrierung auf unserer Website werden Sie gegebenenfalls aufgefordert, Ihren Namen, Ihre E-Mail-Adresse, Telefonnummer oder andere Details einzugeben, um Ihnen bei Ihrer Erfahrung zu helfen.<\/p><p>Wann sammeln wir Informationen?<\/p><p>Wir erfassen Informationen von Ihnen, wenn Sie sich auf unserer Website registrieren, einen Newsletter abonnieren, ein Formular ausf\u00fcllen, den Live-Chat verwenden, ein Support-Ticket \u00f6ffnen oder Informationen auf unserer Website eingeben.<\/p><p>Wie verwenden wir Ihre Informationen?<\/p><p>Wir k\u00f6nnen die Informationen, die wir von Ihnen sammeln, wenn Sie sich registrieren, einen Kauf t\u00e4tigen, sich f\u00fcr unseren Newsletter anmelden, auf eine Umfrage oder Marketingmitteilung antworten, auf der Website surfen oder bestimmte andere Website-Funktionen auf folgende Weise nutzen:<\/p><p>Um Ihre Erfahrung zu personalisieren und uns zu erm\u00f6glichen, die Art von Inhalten und Produktangeboten bereitzustellen, an denen Sie am meisten interessiert sind.<br \/>Um unsere Website zu verbessern, um Ihnen einen besseren Service zu bieten.<br \/>Damit wir Sie bei der Beantwortung Ihrer Kundendienstanfragen besser bedienen k\u00f6nnen.<br \/>Um nach Bewertungen und Rezensionen von Dienstleistungen oder Produkten zu fragen<br \/>Um nach der Korrespondenz mit ihnen in Kontakt zu treten (Live-Chat, E-Mail oder Telefonanfragen)<\/p><p>Bemerkungen<\/p><p>Eine aus Ihrer E-Mail-Adresse erstellte anonymisierte Zeichenfolge (auch als Hash bezeichnet) kann dem Gravatar-Dienst zur Verf\u00fcgung gestellt werden, um festzustellen, ob Sie sie verwenden. Die Datenschutzerkl\u00e4rung des Gravatar-Dienstes finden Sie hier: https:\/\/automattic.com\/privacy\/. Nach Freigabe Ihres Kommentars ist Ihr Profilbild im Kontext Ihres Kommentars \u00f6ffentlich sichtbar.<\/p><p>Medien<\/p><p>Wenn Sie Bilder auf die Website hochladen, sollten Sie vermeiden, Bilder mit eingebetteten Standortdaten (EXIF GPS) hochzuladen. Besucher der Website k\u00f6nnen beliebige Standortdaten aus Bildern auf der Website herunterladen und extrahieren.<\/p><p>Kontaktformulare<\/p><p>Wenn Sie einen Kommentar auf unserer Website hinterlassen, k\u00f6nnen Sie sich daf\u00fcr entscheiden, Ihren Namen, Ihre E-Mail-Adresse und Ihre Website in Cookies zu speichern. Diese dienen Ihrer Bequemlichkeit, damit Sie Ihre Daten nicht erneut eingeben m\u00fcssen, wenn Sie einen weiteren Kommentar hinterlassen. Diese Cookies halten ein Jahr lang. Wenn Sie ein Konto haben und sich auf dieser Website anmelden, setzen wir ein tempor\u00e4res Cookie, um festzustellen, ob Ihr Browser Cookies akzeptiert. Dieses Cookie enth\u00e4lt keine personenbezogenen Daten und wird verworfen, wenn Sie Ihren Browser schlie\u00dfen. Wenn Sie sich anmelden, werden wir auch mehrere Cookies einrichten, um Ihre Anmeldeinformationen und Ihre Bildschirmanzeigeoptionen zu speichern. Anmelde-Cookies dauern zwei Tage und Cookies f\u00fcr Bildschirmoptionen ein Jahr. Wenn Sie \u201eRemember Me\u201c ausw\u00e4hlen, bleibt Ihr Login zwei Wochen lang bestehen. Wenn Sie sich von Ihrem Konto abmelden, werden die Anmelde-Cookies entfernt. Wenn Sie einen Artikel bearbeiten oder ver\u00f6ffentlichen, wird ein zus\u00e4tzlicher Cookie in Ihrem Browser gespeichert. Dieses Cookie enth\u00e4lt keine personenbezogenen Daten und zeigt lediglich die Beitrags-ID des Artikels an, den Sie gerade bearbeitet haben. Es verf\u00e4llt nach 1 Tag.<\/p><p>Eingebettete Inhalte von anderen Websites<\/p><p>Artikel auf dieser Website k\u00f6nnen eingebettete Inhalte enthalten (z. B. Videos, Bilder, Artikel usw.). Eingebettete Inhalte von anderen Websites verhalten sich genau so, als ob der Besucher die andere Website besucht h\u00e4tte. Diese Websites k\u00f6nnen Daten \u00fcber Sie sammeln, Cookies verwenden, zus\u00e4tzliches Tracking von Drittanbietern einbetten und Ihre Interaktion mit diesem eingebetteten Inhalt \u00fcberwachen, einschlie\u00dflich der Verfolgung Ihrer Interaktion mit dem eingebetteten Inhalt, wenn Sie ein Konto haben und auf dieser Website angemeldet sind.<\/p><p>Wie lange wir Ihre Daten aufbewahren<\/p><p>Wenn Sie einen Kommentar hinterlassen, werden der Kommentar und seine Metadaten auf unbestimmte Zeit gespeichert. Auf diese Weise k\u00f6nnen wir Folgekommentare automatisch erkennen und genehmigen, anstatt sie in einer Moderationswarteschlange festzuhalten. F\u00fcr Benutzer, die sich auf unserer Website registrieren (falls vorhanden), speichern wir auch die pers\u00f6nlichen Informationen, die sie in ihrem Benutzerprofil angeben. Alle Benutzer k\u00f6nnen ihre pers\u00f6nlichen Daten jederzeit einsehen, bearbeiten oder l\u00f6schen (au\u00dfer sie k\u00f6nnen ihren Benutzernamen nicht \u00e4ndern). Website-Administratoren k\u00f6nnen diese Informationen auch anzeigen und bearbeiten.<\/p><p>Welche Rechte Sie an Ihren Daten haben<\/p><p>Wenn Sie ein Konto auf dieser Website haben oder Kommentare hinterlassen haben, k\u00f6nnen Sie anfordern, eine exportierte Datei der personenbezogenen Daten zu erhalten, die wir \u00fcber Sie gespeichert haben, einschlie\u00dflich aller Daten, die Sie uns zur Verf\u00fcgung gestellt haben. Sie k\u00f6nnen auch verlangen, dass wir alle personenbezogenen Daten l\u00f6schen, die wir \u00fcber Sie gespeichert haben. Dies umfasst keine Daten, zu deren Aufbewahrung wir aus administrativen, rechtlichen oder Sicherheitsgr\u00fcnden verpflichtet sind.<\/p><p>Wohin wir Ihre Daten senden<\/p><p>Besucher-Kommentare k\u00f6nnten von einem automatisierten Dienst zur Spam-Erkennung untersucht werden.<\/p><p>MailPoet-Newsletter und -E-Mails<\/p><p>Wenn Sie unseren Newsletter abonniert haben oder Mitglied unserer Website sind (Sie k\u00f6nnen sich anmelden) oder auf unserer Website eingekauft haben, besteht eine gute Chance, dass Sie E-Mails von uns erhalten. Wir senden Ihnen nur E-Mails, f\u00fcr deren Empfang Sie sich angemeldet haben oder die sich auf die von uns f\u00fcr Sie erbrachten Dienstleistungen beziehen. Um Ihnen E-Mails zu senden, verwenden wir den Namen und die E-Mail-Adresse, die Sie uns zur Verf\u00fcgung stellen. Unsere Website protokolliert auch die IP-Adresse, die Sie bei der Anmeldung f\u00fcr den Dienst verwendet haben, um einen Missbrauch des Systems zu verhindern. Diese Website kann E-Mails \u00fcber den Versanddienst MailPoet und Mailchimp versenden. Dieser Dienst erm\u00f6glicht es uns, \u00d6ffnungen und Klicks auf unsere E-Mails zu verfolgen. Wir verwenden tseine Informationen, um den Inhalt unserer Newsletter zu verbessern. Abgesehen von der E-Mail-Adresse werden au\u00dferhalb dieser Website keine identifizierbaren Informationen nachverfolgt.<\/p>\t\t\t\t\t\t<\/div>\n\t\t\t\t<\/div>\n\t\t\t\t\t<\/div>\n\t\t<\/div>\n\t\t\t\t\t\t\t<\/div>\n\t\t<\/section>\n\t\t\t\t<section class=\"elementor-section elementor-top-section elementor-element elementor-element-b26351d elementor-section-boxed elementor-section-height-default elementor-section-height-default\" data-id=\"b26351d\" data-element_type=\"section\">\n\t\t\t\t\t\t<div class=\"elementor-container elementor-column-gap-default\">\n\t\t\t\t\t<div class=\"elementor-column elementor-col-50 elementor-top-column elementor-element elementor-element-c080f63\" data-id=\"c080f63\" data-element_type=\"column\">\n\t\t\t<div class=\"elementor-widget-wrap elementor-element-populated\">\n\t\t\t\t\t\t\t\t<div class=\"elementor-element elementor-element-2527e09 elementor-align-right elementor-mobile-align-center elementor-widget elementor-widget-button\" data-id=\"2527e09\" data-element_type=\"widget\" data-widget_type=\"button.default\">\n\t\t\t\t<div class=\"elementor-widget-container\">\n\t\t\t\t\t<div class=\"elementor-button-wrapper\">\n\t\t\t<a href=\"http:\/\/montevardia-hotel.com\/de\/contact\/\" class=\"elementor-button-link elementor-button elementor-size-md elementor-animation-grow\" role=\"button\">\n\t\t\t\t\t\t<span class=\"elementor-button-content-wrapper\">\n\t\t\t\t\t\t<span class=\"elementor-button-text\">Zur\u00fcck zur Kommunikation<\/span>\n\t\t<\/span>\n\t\t\t\t\t<\/a>\n\t\t<\/div>\n\t\t\t\t<\/div>\n\t\t\t\t<\/div>\n\t\t\t\t\t<\/div>\n\t\t<\/div>\n\t\t\t\t<div class=\"elementor-column elementor-col-50 elementor-top-column elementor-element elementor-element-e5e86f2\" data-id=\"e5e86f2\" data-element_type=\"column\">\n\t\t\t<div class=\"elementor-widget-wrap elementor-element-populated\">\n\t\t\t\t\t\t\t\t<div class=\"elementor-element elementor-element-36d8704 elementor-align-left elementor-mobile-align-center elementor-widget elementor-widget-button\" data-id=\"36d8704\" data-element_type=\"widget\" data-widget_type=\"button.default\">\n\t\t\t\t<div class=\"elementor-widget-container\">\n\t\t\t\t\t<div class=\"elementor-button-wrapper\">\n\t\t\t<a href=\"http:\/\/montevardia-hotel.com\/de\" class=\"elementor-button-link elementor-button elementor-size-md elementor-animation-grow\" role=\"button\">\n\t\t\t\t\t\t<span class=\"elementor-button-content-wrapper\">\n\t\t\t\t\t\t<span class=\"elementor-button-text\">Zur\u00fcck zur Startseite<\/span>\n\t\t<\/span>\n\t\t\t\t\t<\/a>\n\t\t<\/div>\n\t\t\t\t<\/div>\n\t\t\t\t<\/div>\n\t\t\t\t\t<\/div>\n\t\t<\/div>\n\t\t\t\t\t\t\t<\/div>\n\t\t<\/section>\n\t\t\t\t\t\t<\/div>\n\t\t\t\t\t<\/div>\n\t\t","protected":false},"excerpt":{"rendered":"<p>Datenschutzerkl\u00e4rung nach DSGVO Welche personenbezogenen Daten erfassen wir von Personen, die unseren Blog, unsere Website oder unsere App besuchen? Bei der Bestellung oder Registrierung auf unserer Website werden Sie gegebenenfalls aufgefordert, Ihren Namen, Ihre E-Mail-Adresse, Telefonnummer oder andere Details einzugeben, um Ihnen bei Ihrer Erfahrung zu helfen. Wann sammeln wir Informationen? Wir erfassen Informationen von [&hellip;]<\/p>\n","protected":false},"author":1,"featured_media":0,"parent":0,"menu_order":0,"comment_status":"closed","ping_status":"open","template":"","meta":{"footnotes":""},"class_list":["post-1808","page","type-page","status-publish","hentry"],"yoast_head":"<!-- This site is optimized with the Yoast SEO plugin v24.3 - https:\/\/yoast.com\/wordpress\/plugins\/seo\/ -->\n<title>Datenschutz-Bestimmungen | Montevardia Hotel Chania Crete<\/title>\n<meta name=\"robots\" content=\"index, follow, max-snippet:-1, max-image-preview:large, max-video-preview:-1\" \/>\n<link rel=\"canonical\" href=\"https:\/\/montevardia-hotel.com\/de\/privacy-policy\/\" \/>\n<meta property=\"og:locale\" content=\"de_DE\" \/>\n<meta property=\"og:type\" content=\"article\" \/>\n<meta property=\"og:title\" content=\"Datenschutz-Bestimmungen | Montevardia Hotel Chania Crete\" \/>\n<meta property=\"og:description\" content=\"Datenschutzerkl\u00e4rung nach DSGVO Welche personenbezogenen Daten erfassen wir von Personen, die unseren Blog, unsere Website oder unsere App besuchen? Bei der Bestellung oder Registrierung auf unserer Website werden Sie gegebenenfalls aufgefordert, Ihren Namen, Ihre E-Mail-Adresse, Telefonnummer oder andere Details einzugeben, um Ihnen bei Ihrer Erfahrung zu helfen. Wann sammeln wir Informationen? Wir erfassen Informationen von [&hellip;]\" \/>\n<meta property=\"og:url\" content=\"https:\/\/montevardia-hotel.com\/de\/privacy-policy\/\" \/>\n<meta property=\"og:site_name\" content=\"Montevardia Hotel Chania Crete\" \/>\n<meta property=\"article:publisher\" content=\"https:\/\/www.facebook.com\/montevardiahotel\" \/>\n<meta property=\"article:modified_time\" content=\"2022-05-13T08:33:12+00:00\" \/>\n<meta property=\"og:image\" content=\"https:\/\/montevardia-hotel.com\/wp-content\/uploads\/2021\/07\/GDPRs.png\" \/>\n<meta name=\"twitter:card\" content=\"summary_large_image\" \/>\n<meta name=\"twitter:label1\" content=\"Gesch\u00e4tzte Lesezeit\" \/>\n\t<meta name=\"twitter:data1\" content=\"5\u00a0Minuten\" \/>\n<script type=\"application\/ld+json\" class=\"yoast-schema-graph\">{\"@context\":\"https:\/\/schema.org\",\"@graph\":[{\"@type\":\"WebPage\",\"@id\":\"https:\/\/montevardia-hotel.com\/de\/privacy-policy\/\",\"url\":\"https:\/\/montevardia-hotel.com\/de\/privacy-policy\/\",\"name\":\"Datenschutz-Bestimmungen | Montevardia Hotel Chania Crete\",\"isPartOf\":{\"@id\":\"https:\/\/montevardia-hotel.com\/#website\"},\"primaryImageOfPage\":{\"@id\":\"https:\/\/montevardia-hotel.com\/de\/privacy-policy\/#primaryimage\"},\"image\":{\"@id\":\"https:\/\/montevardia-hotel.com\/de\/privacy-policy\/#primaryimage\"},\"thumbnailUrl\":\"https:\/\/montevardia-hotel.com\/wp-content\/uploads\/2021\/07\/GDPRs.png\",\"datePublished\":\"2021-06-04T05:01:13+00:00\",\"dateModified\":\"2022-05-13T08:33:12+00:00\",\"breadcrumb\":{\"@id\":\"https:\/\/montevardia-hotel.com\/de\/privacy-policy\/#breadcrumb\"},\"inLanguage\":\"de\",\"potentialAction\":[{\"@type\":\"ReadAction\",\"target\":[\"https:\/\/montevardia-hotel.com\/de\/privacy-policy\/\"]}]},{\"@type\":\"ImageObject\",\"inLanguage\":\"de\",\"@id\":\"https:\/\/montevardia-hotel.com\/de\/privacy-policy\/#primaryimage\",\"url\":\"https:\/\/montevardia-hotel.com\/wp-content\/uploads\/2021\/07\/GDPRs.png\",\"contentUrl\":\"https:\/\/montevardia-hotel.com\/wp-content\/uploads\/2021\/07\/GDPRs.png\"},{\"@type\":\"BreadcrumbList\",\"@id\":\"https:\/\/montevardia-hotel.com\/de\/privacy-policy\/#breadcrumb\",\"itemListElement\":[{\"@type\":\"ListItem\",\"position\":1,\"name\":\"Home\",\"item\":\"https:\/\/montevardia-hotel.com\/\"},{\"@type\":\"ListItem\",\"position\":2,\"name\":\"Datenschutz-Bestimmungen\"}]},{\"@type\":\"WebSite\",\"@id\":\"https:\/\/montevardia-hotel.com\/#website\",\"url\":\"https:\/\/montevardia-hotel.com\/\",\"name\":\"Montevardia Hotel Chania Crete\",\"description\":\"\",\"publisher\":{\"@id\":\"https:\/\/montevardia-hotel.com\/#organization\"},\"potentialAction\":[{\"@type\":\"SearchAction\",\"target\":{\"@type\":\"EntryPoint\",\"urlTemplate\":\"https:\/\/montevardia-hotel.com\/?s={search_term_string}\"},\"query-input\":{\"@type\":\"PropertyValueSpecification\",\"valueRequired\":true,\"valueName\":\"search_term_string\"}}],\"inLanguage\":\"de\"},{\"@type\":\"Organization\",\"@id\":\"https:\/\/montevardia-hotel.com\/#organization\",\"name\":\"Montevardia Hotel Chania Crete\",\"url\":\"https:\/\/montevardia-hotel.com\/\",\"logo\":{\"@type\":\"ImageObject\",\"inLanguage\":\"de\",\"@id\":\"https:\/\/montevardia-hotel.com\/#\/schema\/logo\/image\/\",\"url\":\"https:\/\/montevardia-hotel.com\/wp-content\/uploads\/2022\/04\/Logo-montevardia-rooms-hd.png\",\"contentUrl\":\"https:\/\/montevardia-hotel.com\/wp-content\/uploads\/2022\/04\/Logo-montevardia-rooms-hd.png\",\"width\":452,\"height\":80,\"caption\":\"Montevardia Hotel Chania Crete\"},\"image\":{\"@id\":\"https:\/\/montevardia-hotel.com\/#\/schema\/logo\/image\/\"},\"sameAs\":[\"https:\/\/www.facebook.com\/montevardiahotel\",\"https:\/\/www.instagram.com\/gemscafebistro\/\"]}]}<\/script>\n<!-- \/ Yoast SEO plugin. -->","yoast_head_json":{"title":"Datenschutz-Bestimmungen | Montevardia Hotel Chania Crete","robots":{"index":"index","follow":"follow","max-snippet":"max-snippet:-1","max-image-preview":"max-image-preview:large","max-video-preview":"max-video-preview:-1"},"canonical":"https:\/\/montevardia-hotel.com\/de\/privacy-policy\/","og_locale":"de_DE","og_type":"article","og_title":"Datenschutz-Bestimmungen | Montevardia Hotel Chania Crete","og_description":"Datenschutzerkl\u00e4rung nach DSGVO Welche personenbezogenen Daten erfassen wir von Personen, die unseren Blog, unsere Website oder unsere App besuchen? Bei der Bestellung oder Registrierung auf unserer Website werden Sie gegebenenfalls aufgefordert, Ihren Namen, Ihre E-Mail-Adresse, Telefonnummer oder andere Details einzugeben, um Ihnen bei Ihrer Erfahrung zu helfen. Wann sammeln wir Informationen? Wir erfassen Informationen von [&hellip;]","og_url":"https:\/\/montevardia-hotel.com\/de\/privacy-policy\/","og_site_name":"Montevardia Hotel Chania Crete","article_publisher":"https:\/\/www.facebook.com\/montevardiahotel","article_modified_time":"2022-05-13T08:33:12+00:00","og_image":[{"url":"https:\/\/montevardia-hotel.com\/wp-content\/uploads\/2021\/07\/GDPRs.png","type":"","width":"","height":""}],"twitter_card":"summary_large_image","twitter_misc":{"Gesch\u00e4tzte Lesezeit":"5\u00a0Minuten"},"schema":{"@context":"https:\/\/schema.org","@graph":[{"@type":"WebPage","@id":"https:\/\/montevardia-hotel.com\/de\/privacy-policy\/","url":"https:\/\/montevardia-hotel.com\/de\/privacy-policy\/","name":"Datenschutz-Bestimmungen | Montevardia Hotel Chania Crete","isPartOf":{"@id":"https:\/\/montevardia-hotel.com\/#website"},"primaryImageOfPage":{"@id":"https:\/\/montevardia-hotel.com\/de\/privacy-policy\/#primaryimage"},"image":{"@id":"https:\/\/montevardia-hotel.com\/de\/privacy-policy\/#primaryimage"},"thumbnailUrl":"https:\/\/montevardia-hotel.com\/wp-content\/uploads\/2021\/07\/GDPRs.png","datePublished":"2021-06-04T05:01:13+00:00","dateModified":"2022-05-13T08:33:12+00:00","breadcrumb":{"@id":"https:\/\/montevardia-hotel.com\/de\/privacy-policy\/#breadcrumb"},"inLanguage":"de","potentialAction":[{"@type":"ReadAction","target":["https:\/\/montevardia-hotel.com\/de\/privacy-policy\/"]}]},{"@type":"ImageObject","inLanguage":"de","@id":"https:\/\/montevardia-hotel.com\/de\/privacy-policy\/#primaryimage","url":"https:\/\/montevardia-hotel.com\/wp-content\/uploads\/2021\/07\/GDPRs.png","contentUrl":"https:\/\/montevardia-hotel.com\/wp-content\/uploads\/2021\/07\/GDPRs.png"},{"@type":"BreadcrumbList","@id":"https:\/\/montevardia-hotel.com\/de\/privacy-policy\/#breadcrumb","itemListElement":[{"@type":"ListItem","position":1,"name":"Home","item":"https:\/\/montevardia-hotel.com\/"},{"@type":"ListItem","position":2,"name":"Datenschutz-Bestimmungen"}]},{"@type":"WebSite","@id":"https:\/\/montevardia-hotel.com\/#website","url":"https:\/\/montevardia-hotel.com\/","name":"Montevardia Hotel Chania Crete","description":"","publisher":{"@id":"https:\/\/montevardia-hotel.com\/#organization"},"potentialAction":[{"@type":"SearchAction","target":{"@type":"EntryPoint","urlTemplate":"https:\/\/montevardia-hotel.com\/?s={search_term_string}"},"query-input":{"@type":"PropertyValueSpecification","valueRequired":true,"valueName":"search_term_string"}}],"inLanguage":"de"},{"@type":"Organization","@id":"https:\/\/montevardia-hotel.com\/#organization","name":"Montevardia Hotel Chania Crete","url":"https:\/\/montevardia-hotel.com\/","logo":{"@type":"ImageObject","inLanguage":"de","@id":"https:\/\/montevardia-hotel.com\/#\/schema\/logo\/image\/","url":"https:\/\/montevardia-hotel.com\/wp-content\/uploads\/2022\/04\/Logo-montevardia-rooms-hd.png","contentUrl":"https:\/\/montevardia-hotel.com\/wp-content\/uploads\/2022\/04\/Logo-montevardia-rooms-hd.png","width":452,"height":80,"caption":"Montevardia Hotel Chania Crete"},"image":{"@id":"https:\/\/montevardia-hotel.com\/#\/schema\/logo\/image\/"},"sameAs":["https:\/\/www.facebook.com\/montevardiahotel","https:\/\/www.instagram.com\/gemscafebistro\/"]}]}},"_links":{"self":[{"href":"https:\/\/montevardia-hotel.com\/de\/wp-json\/wp\/v2\/pages\/1808","targetHints":{"allow":["GET"]}}],"collection":[{"href":"https:\/\/montevardia-hotel.com\/de\/wp-json\/wp\/v2\/pages"}],"about":[{"href":"https:\/\/montevardia-hotel.com\/de\/wp-json\/wp\/v2\/types\/page"}],"author":[{"embeddable":true,"href":"https:\/\/montevardia-hotel.com\/de\/wp-json\/wp\/v2\/users\/1"}],"replies":[{"embeddable":true,"href":"https:\/\/montevardia-hotel.com\/de\/wp-json\/wp\/v2\/comments?post=1808"}],"version-history":[{"count":6,"href":"https:\/\/montevardia-hotel.com\/de\/wp-json\/wp\/v2\/pages\/1808\/revisions"}],"predecessor-version":[{"id":4005,"href":"https:\/\/montevardia-hotel.com\/de\/wp-json\/wp\/v2\/pages\/1808\/revisions\/4005"}],"wp:attachment":[{"href":"https:\/\/montevardia-hotel.com\/de\/wp-json\/wp\/v2\/media?parent=1808"}],"curies":[{"name":"wp","href":"https:\/\/api.w.org\/{rel}","templated":true}]}}