{"id":1575,"date":"2021-06-04T17:50:58","date_gmt":"2021-06-04T14:50:58","guid":{"rendered":"http:\/\/montevardia-hotel.com\/covid-19\/"},"modified":"2022-05-13T12:27:28","modified_gmt":"2022-05-13T09:27:28","slug":"covid-19","status":"publish","type":"page","link":"https:\/\/montevardia-hotel.com\/fr\/covid-19\/","title":{"rendered":"Covid-19"},"content":{"rendered":"\t\t<div data-elementor-type=\"wp-page\" data-elementor-id=\"1575\" class=\"elementor elementor-1575 elementor-275\" data-elementor-settings=\"[]\">\n\t\t\t\t\t\t\t<div class=\"elementor-section-wrap\">\n\t\t\t\t\t\t\t<section class=\"elementor-section elementor-top-section elementor-element elementor-element-6ea7f50 elementor-section-boxed elementor-section-height-default elementor-section-height-default\" data-id=\"6ea7f50\" data-element_type=\"section\">\n\t\t\t\t\t\t<div class=\"elementor-container elementor-column-gap-default\">\n\t\t\t\t\t<div class=\"elementor-column elementor-col-100 elementor-top-column elementor-element elementor-element-8c3fd64 animated-slow elementor-invisible\" data-id=\"8c3fd64\" data-element_type=\"column\" data-settings=\"{&quot;animation&quot;:&quot;fadeIn&quot;}\">\n\t\t\t<div class=\"elementor-widget-wrap elementor-element-populated\">\n\t\t\t\t\t\t\t\t<div class=\"elementor-element elementor-element-89dff7d elementor-widget elementor-widget-heading\" data-id=\"89dff7d\" data-element_type=\"widget\" data-widget_type=\"heading.default\">\n\t\t\t\t<div class=\"elementor-widget-container\">\n\t\t\t<h1 class=\"elementor-heading-title elementor-size-default\">Covid-19<\/h1>\t\t<\/div>\n\t\t\t\t<\/div>\n\t\t\t\t<section class=\"elementor-section elementor-inner-section elementor-element elementor-element-5028ba6 elementor-section-content-middle elementor-section-boxed elementor-section-height-default elementor-section-height-default\" data-id=\"5028ba6\" data-element_type=\"section\">\n\t\t\t\t\t\t<div class=\"elementor-container elementor-column-gap-no\">\n\t\t\t\t\t<div class=\"elementor-column elementor-col-20 elementor-inner-column elementor-element elementor-element-45d08d3\" data-id=\"45d08d3\" data-element_type=\"column\">\n\t\t\t<div class=\"elementor-widget-wrap\">\n\t\t\t\t\t\t\t\t\t<\/div>\n\t\t<\/div>\n\t\t\t\t<div class=\"elementor-column elementor-col-20 elementor-inner-column elementor-element elementor-element-43ca66a\" data-id=\"43ca66a\" data-element_type=\"column\">\n\t\t\t<div class=\"elementor-widget-wrap elementor-element-populated\">\n\t\t\t\t\t\t\t\t<div class=\"elementor-element elementor-element-a0a0f14 elementor-view-default elementor-widget elementor-widget-icon\" data-id=\"a0a0f14\" data-element_type=\"widget\" data-widget_type=\"icon.default\">\n\t\t\t\t<div class=\"elementor-widget-container\">\n\t\t\t\t\t<div class=\"elementor-icon-wrapper\">\n\t\t\t<div class=\"elementor-icon\">\n\t\t\t<i aria-hidden=\"true\" class=\"fas fa-star\"><\/i>\t\t\t<\/div>\n\t\t<\/div>\n\t\t\t\t<\/div>\n\t\t\t\t<\/div>\n\t\t\t\t\t<\/div>\n\t\t<\/div>\n\t\t\t\t<div class=\"elementor-column elementor-col-20 elementor-inner-column elementor-element elementor-element-2875259\" data-id=\"2875259\" data-element_type=\"column\">\n\t\t\t<div class=\"elementor-widget-wrap elementor-element-populated\">\n\t\t\t\t\t\t\t\t<div class=\"elementor-element elementor-element-e8fb80c elementor-view-default elementor-widget elementor-widget-icon\" data-id=\"e8fb80c\" data-element_type=\"widget\" data-widget_type=\"icon.default\">\n\t\t\t\t<div class=\"elementor-widget-container\">\n\t\t\t\t\t<div class=\"elementor-icon-wrapper\">\n\t\t\t<div class=\"elementor-icon\">\n\t\t\t<i aria-hidden=\"true\" class=\"fas fa-star\"><\/i>\t\t\t<\/div>\n\t\t<\/div>\n\t\t\t\t<\/div>\n\t\t\t\t<\/div>\n\t\t\t\t\t<\/div>\n\t\t<\/div>\n\t\t\t\t<div class=\"elementor-column elementor-col-20 elementor-inner-column elementor-element elementor-element-f635ec6\" data-id=\"f635ec6\" data-element_type=\"column\">\n\t\t\t<div class=\"elementor-widget-wrap elementor-element-populated\">\n\t\t\t\t\t\t\t\t<div class=\"elementor-element elementor-element-4fc99aa elementor-view-default elementor-widget elementor-widget-icon\" data-id=\"4fc99aa\" data-element_type=\"widget\" data-widget_type=\"icon.default\">\n\t\t\t\t<div class=\"elementor-widget-container\">\n\t\t\t\t\t<div class=\"elementor-icon-wrapper\">\n\t\t\t<div class=\"elementor-icon\">\n\t\t\t<i aria-hidden=\"true\" class=\"fas fa-star\"><\/i>\t\t\t<\/div>\n\t\t<\/div>\n\t\t\t\t<\/div>\n\t\t\t\t<\/div>\n\t\t\t\t\t<\/div>\n\t\t<\/div>\n\t\t\t\t<div class=\"elementor-column elementor-col-20 elementor-inner-column elementor-element elementor-element-58a101c\" data-id=\"58a101c\" data-element_type=\"column\">\n\t\t\t<div class=\"elementor-widget-wrap\">\n\t\t\t\t\t\t\t\t\t<\/div>\n\t\t<\/div>\n\t\t\t\t\t\t\t<\/div>\n\t\t<\/section>\n\t\t\t\t<div class=\"elementor-element elementor-element-90b8d89 elementor-widget elementor-widget-heading\" data-id=\"90b8d89\" data-element_type=\"widget\" data-widget_type=\"heading.default\">\n\t\t\t\t<div class=\"elementor-widget-container\">\n\t\t\t<h1 class=\"elementor-heading-title elementor-size-default\">Chaleureuses salutations de l'h\u00f4tel Monte Vardia\n<\/h1>\t\t<\/div>\n\t\t\t\t<\/div>\n\t\t\t\t\t<\/div>\n\t\t<\/div>\n\t\t\t\t\t\t\t<\/div>\n\t\t<\/section>\n\t\t\t\t<section class=\"elementor-section elementor-top-section elementor-element elementor-element-9b06940 elementor-section-boxed elementor-section-height-default elementor-section-height-default\" data-id=\"9b06940\" data-element_type=\"section\">\n\t\t\t\t\t\t<div class=\"elementor-container elementor-column-gap-default\">\n\t\t\t\t\t<div class=\"elementor-column elementor-col-100 elementor-top-column elementor-element elementor-element-d059e28 elementor-invisible\" data-id=\"d059e28\" data-element_type=\"column\" data-settings=\"{&quot;animation&quot;:&quot;fadeIn&quot;}\">\n\t\t\t<div class=\"elementor-widget-wrap elementor-element-populated\">\n\t\t\t\t\t\t\t\t<div class=\"elementor-element elementor-element-52ba163 elementor-widget elementor-widget-text-editor\" data-id=\"52ba163\" data-element_type=\"widget\" data-widget_type=\"text-editor.default\">\n\t\t\t\t<div class=\"elementor-widget-container\">\n\t\t\t\t\t\t\t<p id=\"tw-target-text\" class=\"tw-data-text tw-text-large tw-ta\" dir=\"ltr\" data-placeholder=\"\u039c\u03b5\u03c4\u03ac\u03c6\u03c1\u03b1\u03c3\u03b7\"><span class=\"Y2IQFc\" lang=\"fr\">Nous sommes heureux de vous annoncer la r\u00e9ouverture de notre h\u00f4tel \u00e0 partir du 1er juin et nous nous r\u00e9jouissons de vous accueillir \u00e0 nouveau avec notre chaleureuse hospitalit\u00e9 et notre service personnalis\u00e9. <br \/><br \/>Nous nous engageons \u00e0 pr\u00e9server la s\u00e9curit\u00e9, la sant\u00e9 et le bien-\u00eatre de nos clients et de notre personnel. Soyez assur\u00e9s que nous avons pris et continuerons de prendre toutes les pr\u00e9cautions et mesures n\u00e9cessaires conform\u00e9ment \u00e0 la loi et aux r\u00e8glements du minist\u00e8re grec de la Sant\u00e9. <br \/><br \/>Tous les membres du personnel ont re\u00e7u une formation renforc\u00e9e sur la sant\u00e9 et la s\u00e9curit\u00e9 li\u00e9e au COVID-19, y compris les proc\u00e9dures correctes pour le port de masques, l&rsquo;\u00e9quipement EPI et la sensibilisation \u00e0 la distance physique. La formation r\u00e9guli\u00e8re se poursuivra au fur et \u00e0 mesure de l&rsquo;\u00e9volution de la situation actuelle. <br \/><br \/>Nous sommes impatients de vous accueillir et de veiller \u00e0 ce que votre s\u00e9jour chez nous soit tout ce que vous pourriez souhaiter sur notre belle \u00eele.<\/span><\/p>\t\t\t\t\t\t<\/div>\n\t\t\t\t<\/div>\n\t\t\t\t<div class=\"elementor-element elementor-element-ab390e5 elementor-widget elementor-widget-text-editor\" data-id=\"ab390e5\" data-element_type=\"widget\" data-widget_type=\"text-editor.default\">\n\t\t\t\t<div class=\"elementor-widget-container\">\n\t\t\t\t\t\t\t<div id=\"tw-target-text-container\" class=\"tw-ta-container F0azHf tw-nfl\" tabindex=\"0\"><p id=\"tw-target-text\" class=\"tw-data-text tw-text-large tw-ta\" dir=\"ltr\" data-placeholder=\"\u039c\u03b5\u03c4\u03ac\u03c6\u03c1\u03b1\u03c3\u03b7\"><strong><span class=\"Y2IQFc\" lang=\"fr\">SERVICES\/SERVICES D&rsquo;EXPLOITATION DE LA PROTECTION DE LA SANT\u00c9 DE L&rsquo;H\u00d4TEL CONFORM\u00c9MENT AUX INSTRUCTIONS DE L&rsquo;EODY ET DU MINIST\u00c8RE DU TOURISME<\/span><\/strong><\/p><\/div>\t\t\t\t\t\t<\/div>\n\t\t\t\t<\/div>\n\t\t\t\t<div class=\"elementor-element elementor-element-6cab192 elementor-widget elementor-widget-image\" data-id=\"6cab192\" data-element_type=\"widget\" data-widget_type=\"image.default\">\n\t\t\t\t<div class=\"elementor-widget-container\">\n\t\t\t\t\t\t\t\t\t\t\t\t\t\t\t\t<a href=\"https:\/\/montevardia-hotel.com\/wp-content\/uploads\/2022\/04\/Montevardia-hotel-covid.pdf\" target=\"_blank\">\n\t\t\t\t\t\t\t<img loading=\"lazy\" decoding=\"async\" width=\"300\" height=\"184\" src=\"https:\/\/montevardia-hotel.com\/wp-content\/uploads\/2022\/05\/logo-covid-300x184.jpg\" class=\"attachment-medium size-medium\" alt=\"\" srcset=\"https:\/\/montevardia-hotel.com\/wp-content\/uploads\/2022\/05\/logo-covid-300x184.jpg 300w, https:\/\/montevardia-hotel.com\/wp-content\/uploads\/2022\/05\/logo-covid.jpg 400w\" sizes=\"auto, (max-width: 300px) 100vw, 300px\" \/>\t\t\t\t\t\t\t\t<\/a>\n\t\t\t\t\t\t\t\t\t\t\t\t\t\t\t<\/div>\n\t\t\t\t<\/div>\n\t\t\t\t<div class=\"elementor-element elementor-element-6ff1bb5 elementor-align-center elementor-invisible elementor-widget elementor-widget-button\" data-id=\"6ff1bb5\" data-element_type=\"widget\" data-settings=\"{&quot;_animation&quot;:&quot;fadeInUp&quot;}\" data-widget_type=\"button.default\">\n\t\t\t\t<div class=\"elementor-widget-container\">\n\t\t\t\t\t<div class=\"elementor-button-wrapper\">\n\t\t\t<a href=\"https:\/\/montevardia-hotel.com\/wp-content\/uploads\/2022\/04\/Montevardia-hotel-covid.pdf\" target=\"_blank\" class=\"elementor-button-link elementor-button elementor-size-md elementor-animation-grow\" role=\"button\">\n\t\t\t\t\t\t<span class=\"elementor-button-content-wrapper\">\n\t\t\t\t\t\t<span class=\"elementor-button-text\">Lire le rapport complet<\/span>\n\t\t<\/span>\n\t\t\t\t\t<\/a>\n\t\t<\/div>\n\t\t\t\t<\/div>\n\t\t\t\t<\/div>\n\t\t\t\t<div class=\"elementor-element elementor-element-fa26d5f elementor-widget elementor-widget-text-editor\" data-id=\"fa26d5f\" data-element_type=\"widget\" data-widget_type=\"text-editor.default\">\n\t\t\t\t<div class=\"elementor-widget-container\">\n\t\t\t\t\t\t\t<h3 id=\"tw-target-text\" class=\"tw-data-text tw-text-large tw-ta\" dir=\"ltr\" style=\"text-align: center;\" data-placeholder=\"\u039c\u03b5\u03c4\u03ac\u03c6\u03c1\u03b1\u03c3\u03b7\"><span class=\"Y2IQFc\" lang=\"fr\">Voyagez en toute s\u00e9curit\u00e9 pendant la COVID-19 <\/span><\/h3><p class=\"tw-data-text tw-text-large tw-ta\" dir=\"ltr\" style=\"text-align: left;\" data-placeholder=\"\u039c\u03b5\u03c4\u03ac\u03c6\u03c1\u03b1\u03c3\u03b7\"><strong><span class=\"Y2IQFc\" lang=\"fr\">Ce \u00e0 quoi vous pouvez vous attendre pendant votre s\u00e9jour chez nous : <\/span><\/strong><\/p><ul><li class=\"tw-data-text tw-text-large tw-ta\" dir=\"ltr\" style=\"text-align: left;\" data-placeholder=\"\u039c\u03b5\u03c4\u03ac\u03c6\u03c1\u03b1\u03c3\u03b7\"><span class=\"Y2IQFc\" lang=\"fr\">Tout le linge aseptis\u00e9 en lavage \u00e0 haute temp\u00e9rature <\/span><\/li><li class=\"tw-data-text tw-text-large tw-ta\" dir=\"ltr\" style=\"text-align: left;\" data-placeholder=\"\u039c\u03b5\u03c4\u03ac\u03c6\u03c1\u03b1\u03c3\u03b7\"><span class=\"Y2IQFc\" lang=\"fr\">Masques faciaux requis pour le personnel et les invit\u00e9s dans les espaces publics <\/span><\/li><li class=\"tw-data-text tw-text-large tw-ta\" dir=\"ltr\" style=\"text-align: left;\" data-placeholder=\"\u039c\u03b5\u03c4\u03ac\u03c6\u03c1\u03b1\u03c3\u03b7\"><span class=\"Y2IQFc\" lang=\"fr\">D\u00e9sinfectant pour les mains disponible pour les clients et le personnel <\/span><\/li><li class=\"tw-data-text tw-text-large tw-ta\" dir=\"ltr\" style=\"text-align: left;\" data-placeholder=\"\u039c\u03b5\u03c4\u03ac\u03c6\u03c1\u03b1\u03c3\u03b7\"><span class=\"Y2IQFc\" lang=\"fr\">Zones \u00e0 fort trafic r\u00e9guli\u00e8rement d\u00e9sinfect\u00e9es <\/span><\/li><li class=\"tw-data-text tw-text-large tw-ta\" dir=\"ltr\" style=\"text-align: left;\" data-placeholder=\"\u039c\u03b5\u03c4\u03ac\u03c6\u03c1\u03b1\u03c3\u03b7\"><span class=\"Y2IQFc\" lang=\"fr\">Le personnel et les invit\u00e9s doivent se laver r\u00e9guli\u00e8rement les mains <\/span><\/li><li class=\"tw-data-text tw-text-large tw-ta\" dir=\"ltr\" style=\"text-align: left;\" data-placeholder=\"\u039c\u03b5\u03c4\u03ac\u03c6\u03c1\u03b1\u03c3\u03b7\"><span class=\"Y2IQFc\" lang=\"fr\">Contr\u00f4les de temp\u00e9rature r\u00e9guliers pour le personnel <\/span><\/li><li class=\"tw-data-text tw-text-large tw-ta\" dir=\"ltr\" style=\"text-align: left;\" data-placeholder=\"\u039c\u03b5\u03c4\u03ac\u03c6\u03c1\u03b1\u03c3\u03b7\"><span class=\"Y2IQFc\" lang=\"fr\">M\u00e9decin disponible 24h\/24 et 7j\/7<\/span><\/li><\/ul>\t\t\t\t\t\t<\/div>\n\t\t\t\t<\/div>\n\t\t\t\t\t<\/div>\n\t\t<\/div>\n\t\t\t\t\t\t\t<\/div>\n\t\t<\/section>\n\t\t\t\t<section class=\"elementor-section elementor-top-section elementor-element elementor-element-4c70f2c6 elementor-section-boxed elementor-section-height-default elementor-section-height-default\" data-id=\"4c70f2c6\" data-element_type=\"section\">\n\t\t\t\t\t\t<div class=\"elementor-container elementor-column-gap-default\">\n\t\t\t\t\t<div class=\"elementor-column elementor-col-100 elementor-top-column elementor-element elementor-element-5244bed5\" data-id=\"5244bed5\" data-element_type=\"column\">\n\t\t\t<div class=\"elementor-widget-wrap elementor-element-populated\">\n\t\t\t\t\t\t\t\t<div class=\"elementor-element elementor-element-308eb25 elementor-align-center elementor-invisible elementor-widget elementor-widget-button\" data-id=\"308eb25\" data-element_type=\"widget\" data-settings=\"{&quot;_animation&quot;:&quot;fadeInUp&quot;}\" data-widget_type=\"button.default\">\n\t\t\t\t<div class=\"elementor-widget-container\">\n\t\t\t\t\t<div class=\"elementor-button-wrapper\">\n\t\t\t<a href=\"http:\/\/montevardia-hotel.com\/fr\" class=\"elementor-button-link elementor-button elementor-size-md elementor-animation-grow\" role=\"button\">\n\t\t\t\t\t\t<span class=\"elementor-button-content-wrapper\">\n\t\t\t\t\t\t<span class=\"elementor-button-text\">Retour \u00e0 la page d'accueil<\/span>\n\t\t<\/span>\n\t\t\t\t\t<\/a>\n\t\t<\/div>\n\t\t\t\t<\/div>\n\t\t\t\t<\/div>\n\t\t\t\t\t<\/div>\n\t\t<\/div>\n\t\t\t\t\t\t\t<\/div>\n\t\t<\/section>\n\t\t\t\t\t\t<\/div>\n\t\t\t\t\t<\/div>\n\t\t","protected":false},"excerpt":{"rendered":"<p>Covid-19 Chaleureuses salutations de l&rsquo;h\u00f4tel Monte Vardia Nous sommes heureux de vous annoncer la r\u00e9ouverture de notre h\u00f4tel \u00e0 partir du 1er juin et nous nous r\u00e9jouissons de vous accueillir \u00e0 nouveau avec notre chaleureuse hospitalit\u00e9 et notre service personnalis\u00e9. Nous nous engageons \u00e0 pr\u00e9server la s\u00e9curit\u00e9, la sant\u00e9 et le bien-\u00eatre de nos clients [&hellip;]<\/p>\n","protected":false},"author":1,"featured_media":0,"parent":0,"menu_order":0,"comment_status":"closed","ping_status":"closed","template":"","meta":{"footnotes":""},"class_list":["post-1575","page","type-page","status-publish","hentry"],"yoast_head":"<!-- This site is optimized with the Yoast SEO plugin v24.3 - https:\/\/yoast.com\/wordpress\/plugins\/seo\/ -->\n<title>Covid-19 | Montevardia Hotel Chania Crete<\/title>\n<meta name=\"robots\" content=\"index, follow, max-snippet:-1, max-image-preview:large, max-video-preview:-1\" \/>\n<link rel=\"canonical\" href=\"https:\/\/montevardia-hotel.com\/fr\/covid-19\/\" \/>\n<meta property=\"og:locale\" content=\"fr_FR\" \/>\n<meta property=\"og:type\" content=\"article\" \/>\n<meta property=\"og:title\" content=\"Covid-19 | Montevardia Hotel Chania Crete\" \/>\n<meta property=\"og:description\" content=\"Covid-19 Chaleureuses salutations de l&rsquo;h\u00f4tel Monte Vardia Nous sommes heureux de vous annoncer la r\u00e9ouverture de notre h\u00f4tel \u00e0 partir du 1er juin et nous nous r\u00e9jouissons de vous accueillir \u00e0 nouveau avec notre chaleureuse hospitalit\u00e9 et notre service personnalis\u00e9. Nous nous engageons \u00e0 pr\u00e9server la s\u00e9curit\u00e9, la sant\u00e9 et le bien-\u00eatre de nos clients [&hellip;]\" \/>\n<meta property=\"og:url\" content=\"https:\/\/montevardia-hotel.com\/fr\/covid-19\/\" \/>\n<meta property=\"og:site_name\" content=\"Montevardia Hotel Chania Crete\" \/>\n<meta property=\"article:publisher\" content=\"https:\/\/www.facebook.com\/montevardiahotel\" \/>\n<meta property=\"article:modified_time\" content=\"2022-05-13T09:27:28+00:00\" \/>\n<meta property=\"og:image\" content=\"https:\/\/montevardia-hotel.com\/wp-content\/uploads\/2022\/05\/logo-covid-300x184.jpg\" \/>\n<meta name=\"twitter:card\" content=\"summary_large_image\" \/>\n<meta name=\"twitter:label1\" content=\"Dur\u00e9e de lecture estim\u00e9e\" \/>\n\t<meta name=\"twitter:data1\" content=\"2 minutes\" \/>\n<script type=\"application\/ld+json\" class=\"yoast-schema-graph\">{\"@context\":\"https:\/\/schema.org\",\"@graph\":[{\"@type\":\"WebPage\",\"@id\":\"https:\/\/montevardia-hotel.com\/fr\/covid-19\/\",\"url\":\"https:\/\/montevardia-hotel.com\/fr\/covid-19\/\",\"name\":\"Covid-19 | Montevardia Hotel Chania Crete\",\"isPartOf\":{\"@id\":\"https:\/\/montevardia-hotel.com\/#website\"},\"primaryImageOfPage\":{\"@id\":\"https:\/\/montevardia-hotel.com\/fr\/covid-19\/#primaryimage\"},\"image\":{\"@id\":\"https:\/\/montevardia-hotel.com\/fr\/covid-19\/#primaryimage\"},\"thumbnailUrl\":\"https:\/\/montevardia-hotel.com\/wp-content\/uploads\/2022\/05\/logo-covid-300x184.jpg\",\"datePublished\":\"2021-06-04T14:50:58+00:00\",\"dateModified\":\"2022-05-13T09:27:28+00:00\",\"breadcrumb\":{\"@id\":\"https:\/\/montevardia-hotel.com\/fr\/covid-19\/#breadcrumb\"},\"inLanguage\":\"fr-FR\",\"potentialAction\":[{\"@type\":\"ReadAction\",\"target\":[\"https:\/\/montevardia-hotel.com\/fr\/covid-19\/\"]}]},{\"@type\":\"ImageObject\",\"inLanguage\":\"fr-FR\",\"@id\":\"https:\/\/montevardia-hotel.com\/fr\/covid-19\/#primaryimage\",\"url\":\"https:\/\/montevardia-hotel.com\/wp-content\/uploads\/2022\/05\/logo-covid-300x184.jpg\",\"contentUrl\":\"https:\/\/montevardia-hotel.com\/wp-content\/uploads\/2022\/05\/logo-covid-300x184.jpg\"},{\"@type\":\"BreadcrumbList\",\"@id\":\"https:\/\/montevardia-hotel.com\/fr\/covid-19\/#breadcrumb\",\"itemListElement\":[{\"@type\":\"ListItem\",\"position\":1,\"name\":\"Home\",\"item\":\"https:\/\/montevardia-hotel.com\/fr\/\"},{\"@type\":\"ListItem\",\"position\":2,\"name\":\"Covid-19\"}]},{\"@type\":\"WebSite\",\"@id\":\"https:\/\/montevardia-hotel.com\/#website\",\"url\":\"https:\/\/montevardia-hotel.com\/\",\"name\":\"Montevardia Hotel Chania Crete\",\"description\":\"\",\"publisher\":{\"@id\":\"https:\/\/montevardia-hotel.com\/#organization\"},\"potentialAction\":[{\"@type\":\"SearchAction\",\"target\":{\"@type\":\"EntryPoint\",\"urlTemplate\":\"https:\/\/montevardia-hotel.com\/?s={search_term_string}\"},\"query-input\":{\"@type\":\"PropertyValueSpecification\",\"valueRequired\":true,\"valueName\":\"search_term_string\"}}],\"inLanguage\":\"fr-FR\"},{\"@type\":\"Organization\",\"@id\":\"https:\/\/montevardia-hotel.com\/#organization\",\"name\":\"Montevardia Hotel Chania Crete\",\"url\":\"https:\/\/montevardia-hotel.com\/\",\"logo\":{\"@type\":\"ImageObject\",\"inLanguage\":\"fr-FR\",\"@id\":\"https:\/\/montevardia-hotel.com\/#\/schema\/logo\/image\/\",\"url\":\"https:\/\/montevardia-hotel.com\/wp-content\/uploads\/2022\/04\/Logo-montevardia-rooms-hd.png\",\"contentUrl\":\"https:\/\/montevardia-hotel.com\/wp-content\/uploads\/2022\/04\/Logo-montevardia-rooms-hd.png\",\"width\":452,\"height\":80,\"caption\":\"Montevardia Hotel Chania Crete\"},\"image\":{\"@id\":\"https:\/\/montevardia-hotel.com\/#\/schema\/logo\/image\/\"},\"sameAs\":[\"https:\/\/www.facebook.com\/montevardiahotel\",\"https:\/\/www.instagram.com\/gemscafebistro\/\"]}]}<\/script>\n<!-- \/ Yoast SEO plugin. -->","yoast_head_json":{"title":"Covid-19 | Montevardia Hotel Chania Crete","robots":{"index":"index","follow":"follow","max-snippet":"max-snippet:-1","max-image-preview":"max-image-preview:large","max-video-preview":"max-video-preview:-1"},"canonical":"https:\/\/montevardia-hotel.com\/fr\/covid-19\/","og_locale":"fr_FR","og_type":"article","og_title":"Covid-19 | Montevardia Hotel Chania Crete","og_description":"Covid-19 Chaleureuses salutations de l&rsquo;h\u00f4tel Monte Vardia Nous sommes heureux de vous annoncer la r\u00e9ouverture de notre h\u00f4tel \u00e0 partir du 1er juin et nous nous r\u00e9jouissons de vous accueillir \u00e0 nouveau avec notre chaleureuse hospitalit\u00e9 et notre service personnalis\u00e9. Nous nous engageons \u00e0 pr\u00e9server la s\u00e9curit\u00e9, la sant\u00e9 et le bien-\u00eatre de nos clients [&hellip;]","og_url":"https:\/\/montevardia-hotel.com\/fr\/covid-19\/","og_site_name":"Montevardia Hotel Chania Crete","article_publisher":"https:\/\/www.facebook.com\/montevardiahotel","article_modified_time":"2022-05-13T09:27:28+00:00","og_image":[{"url":"https:\/\/montevardia-hotel.com\/wp-content\/uploads\/2022\/05\/logo-covid-300x184.jpg","type":"","width":"","height":""}],"twitter_card":"summary_large_image","twitter_misc":{"Dur\u00e9e de lecture estim\u00e9e":"2 minutes"},"schema":{"@context":"https:\/\/schema.org","@graph":[{"@type":"WebPage","@id":"https:\/\/montevardia-hotel.com\/fr\/covid-19\/","url":"https:\/\/montevardia-hotel.com\/fr\/covid-19\/","name":"Covid-19 | Montevardia Hotel Chania Crete","isPartOf":{"@id":"https:\/\/montevardia-hotel.com\/#website"},"primaryImageOfPage":{"@id":"https:\/\/montevardia-hotel.com\/fr\/covid-19\/#primaryimage"},"image":{"@id":"https:\/\/montevardia-hotel.com\/fr\/covid-19\/#primaryimage"},"thumbnailUrl":"https:\/\/montevardia-hotel.com\/wp-content\/uploads\/2022\/05\/logo-covid-300x184.jpg","datePublished":"2021-06-04T14:50:58+00:00","dateModified":"2022-05-13T09:27:28+00:00","breadcrumb":{"@id":"https:\/\/montevardia-hotel.com\/fr\/covid-19\/#breadcrumb"},"inLanguage":"fr-FR","potentialAction":[{"@type":"ReadAction","target":["https:\/\/montevardia-hotel.com\/fr\/covid-19\/"]}]},{"@type":"ImageObject","inLanguage":"fr-FR","@id":"https:\/\/montevardia-hotel.com\/fr\/covid-19\/#primaryimage","url":"https:\/\/montevardia-hotel.com\/wp-content\/uploads\/2022\/05\/logo-covid-300x184.jpg","contentUrl":"https:\/\/montevardia-hotel.com\/wp-content\/uploads\/2022\/05\/logo-covid-300x184.jpg"},{"@type":"BreadcrumbList","@id":"https:\/\/montevardia-hotel.com\/fr\/covid-19\/#breadcrumb","itemListElement":[{"@type":"ListItem","position":1,"name":"Home","item":"https:\/\/montevardia-hotel.com\/fr\/"},{"@type":"ListItem","position":2,"name":"Covid-19"}]},{"@type":"WebSite","@id":"https:\/\/montevardia-hotel.com\/#website","url":"https:\/\/montevardia-hotel.com\/","name":"Montevardia Hotel Chania Crete","description":"","publisher":{"@id":"https:\/\/montevardia-hotel.com\/#organization"},"potentialAction":[{"@type":"SearchAction","target":{"@type":"EntryPoint","urlTemplate":"https:\/\/montevardia-hotel.com\/?s={search_term_string}"},"query-input":{"@type":"PropertyValueSpecification","valueRequired":true,"valueName":"search_term_string"}}],"inLanguage":"fr-FR"},{"@type":"Organization","@id":"https:\/\/montevardia-hotel.com\/#organization","name":"Montevardia Hotel Chania Crete","url":"https:\/\/montevardia-hotel.com\/","logo":{"@type":"ImageObject","inLanguage":"fr-FR","@id":"https:\/\/montevardia-hotel.com\/#\/schema\/logo\/image\/","url":"https:\/\/montevardia-hotel.com\/wp-content\/uploads\/2022\/04\/Logo-montevardia-rooms-hd.png","contentUrl":"https:\/\/montevardia-hotel.com\/wp-content\/uploads\/2022\/04\/Logo-montevardia-rooms-hd.png","width":452,"height":80,"caption":"Montevardia Hotel Chania Crete"},"image":{"@id":"https:\/\/montevardia-hotel.com\/#\/schema\/logo\/image\/"},"sameAs":["https:\/\/www.facebook.com\/montevardiahotel","https:\/\/www.instagram.com\/gemscafebistro\/"]}]}},"_links":{"self":[{"href":"https:\/\/montevardia-hotel.com\/fr\/wp-json\/wp\/v2\/pages\/1575","targetHints":{"allow":["GET"]}}],"collection":[{"href":"https:\/\/montevardia-hotel.com\/fr\/wp-json\/wp\/v2\/pages"}],"about":[{"href":"https:\/\/montevardia-hotel.com\/fr\/wp-json\/wp\/v2\/types\/page"}],"author":[{"embeddable":true,"href":"https:\/\/montevardia-hotel.com\/fr\/wp-json\/wp\/v2\/users\/1"}],"replies":[{"embeddable":true,"href":"https:\/\/montevardia-hotel.com\/fr\/wp-json\/wp\/v2\/comments?post=1575"}],"version-history":[{"count":9,"href":"https:\/\/montevardia-hotel.com\/fr\/wp-json\/wp\/v2\/pages\/1575\/revisions"}],"predecessor-version":[{"id":4068,"href":"https:\/\/montevardia-hotel.com\/fr\/wp-json\/wp\/v2\/pages\/1575\/revisions\/4068"}],"wp:attachment":[{"href":"https:\/\/montevardia-hotel.com\/fr\/wp-json\/wp\/v2\/media?parent=1575"}],"curies":[{"name":"wp","href":"https:\/\/api.w.org\/{rel}","templated":true}]}}