{"id":1581,"date":"2021-06-04T15:51:59","date_gmt":"2021-06-04T12:51:59","guid":{"rendered":"http:\/\/montevardia-hotel.com\/gems-cafe-bistro\/"},"modified":"2022-05-13T12:30:10","modified_gmt":"2022-05-13T09:30:10","slug":"gems-cafe-bistro","status":"publish","type":"page","link":"https:\/\/montevardia-hotel.com\/fr\/gems-cafe-bistro\/","title":{"rendered":"Gems Caf\u00e9\/bistro"},"content":{"rendered":"\t\t<div data-elementor-type=\"wp-page\" data-elementor-id=\"1581\" class=\"elementor elementor-1581 elementor-182\" data-elementor-settings=\"[]\">\n\t\t\t\t\t\t\t<div class=\"elementor-section-wrap\">\n\t\t\t\t\t\t\t<section class=\"elementor-section elementor-top-section elementor-element elementor-element-39e1437 elementor-section-boxed elementor-section-height-default elementor-section-height-default\" data-id=\"39e1437\" data-element_type=\"section\">\n\t\t\t\t\t\t<div class=\"elementor-container elementor-column-gap-default\">\n\t\t\t\t\t<div class=\"elementor-column elementor-col-100 elementor-top-column elementor-element elementor-element-56e96b5 animated-slow elementor-invisible\" data-id=\"56e96b5\" data-element_type=\"column\" data-settings=\"{&quot;animation&quot;:&quot;fadeIn&quot;}\">\n\t\t\t<div class=\"elementor-widget-wrap elementor-element-populated\">\n\t\t\t\t\t\t\t\t<div class=\"elementor-element elementor-element-90d7c9f elementor-widget elementor-widget-image\" data-id=\"90d7c9f\" data-element_type=\"widget\" data-widget_type=\"image.default\">\n\t\t\t\t<div class=\"elementor-widget-container\">\n\t\t\t\t\t\t\t\t\t\t\t\t\t\t\t<img loading=\"lazy\" decoding=\"async\" width=\"490\" height=\"222\" src=\"https:\/\/montevardia-hotel.com\/wp-content\/uploads\/2022\/05\/gems-cafe-logo.png\" class=\"attachment-large size-large\" alt=\"\" srcset=\"https:\/\/montevardia-hotel.com\/wp-content\/uploads\/2022\/05\/gems-cafe-logo.png 490w, https:\/\/montevardia-hotel.com\/wp-content\/uploads\/2022\/05\/gems-cafe-logo-300x136.png 300w\" sizes=\"auto, (max-width: 490px) 100vw, 490px\" \/>\t\t\t\t\t\t\t\t\t\t\t\t\t\t\t<\/div>\n\t\t\t\t<\/div>\n\t\t\t\t\t<\/div>\n\t\t<\/div>\n\t\t\t\t\t\t\t<\/div>\n\t\t<\/section>\n\t\t\t\t<section class=\"elementor-section elementor-top-section elementor-element elementor-element-9b4799 elementor-section-boxed elementor-section-height-default elementor-section-height-default\" data-id=\"9b4799\" data-element_type=\"section\">\n\t\t\t\t\t\t<div class=\"elementor-container elementor-column-gap-default\">\n\t\t\t\t\t<div class=\"elementor-column elementor-col-50 elementor-top-column elementor-element elementor-element-109b0e54 elementor-invisible\" data-id=\"109b0e54\" data-element_type=\"column\" data-settings=\"{&quot;animation&quot;:&quot;slideInLeft&quot;}\">\n\t\t\t<div class=\"elementor-widget-wrap elementor-element-populated\">\n\t\t\t\t\t\t\t\t<div class=\"elementor-element elementor-element-2f025ab7 elementor-widget elementor-widget-text-editor\" data-id=\"2f025ab7\" data-element_type=\"widget\" data-widget_type=\"text-editor.default\">\n\t\t\t\t<div class=\"elementor-widget-container\">\n\t\t\t\t\t\t\t<p>Gems est situ\u00e9 au rez-de-chauss\u00e9e de l&rsquo;h\u00f4tel Monte Vardia et est ouvert au public. Il propose un menu de restaurant complet dans une atmosph\u00e8re l\u00e9g\u00e8re et d\u00e9contract\u00e9e, avec une s\u00e9lection de bi\u00e8res nationales et import\u00e9es, de vins et de cocktails de saison.<\/p><p>Convient \u00e9galement \u00e0 toutes les occasions, des \u00e9v\u00e9nements d&rsquo;entreprise aux d\u00eeners priv\u00e9s, sans perdre l&rsquo;\u00e9l\u00e9ment bistro de famille. (Les \u00e9v\u00e9nements d&rsquo;\u00e9t\u00e9 peuvent \u00eatre organis\u00e9s \u00e0 la place de piscine)<\/p>\t\t\t\t\t\t<\/div>\n\t\t\t\t<\/div>\n\t\t\t\t\t<\/div>\n\t\t<\/div>\n\t\t\t\t<div class=\"elementor-column elementor-col-50 elementor-top-column elementor-element elementor-element-ee76db5 elementor-invisible\" data-id=\"ee76db5\" data-element_type=\"column\" data-settings=\"{&quot;animation&quot;:&quot;slideInRight&quot;}\">\n\t\t\t<div class=\"elementor-widget-wrap elementor-element-populated\">\n\t\t\t\t\t\t\t\t<div class=\"elementor-element elementor-element-23318ae3 elementor-widget elementor-widget-image\" data-id=\"23318ae3\" data-element_type=\"widget\" data-widget_type=\"image.default\">\n\t\t\t\t<div class=\"elementor-widget-container\">\n\t\t\t\t\t\t\t\t\t\t\t\t\t\t\t<img loading=\"lazy\" decoding=\"async\" width=\"588\" height=\"441\" src=\"https:\/\/montevardia-hotel.com\/wp-content\/uploads\/2021\/06\/gems-main.jpg\" class=\"attachment-large size-large\" alt=\"Gems restaurant 2\" srcset=\"https:\/\/montevardia-hotel.com\/wp-content\/uploads\/2021\/06\/gems-main.jpg 588w, https:\/\/montevardia-hotel.com\/wp-content\/uploads\/2021\/06\/gems-main-300x225.jpg 300w\" sizes=\"auto, (max-width: 588px) 100vw, 588px\" \/>\t\t\t\t\t\t\t\t\t\t\t\t\t\t\t<\/div>\n\t\t\t\t<\/div>\n\t\t\t\t\t<\/div>\n\t\t<\/div>\n\t\t\t\t\t\t\t<\/div>\n\t\t<\/section>\n\t\t\t\t<section class=\"elementor-section elementor-top-section elementor-element elementor-element-63099997 elementor-section-boxed elementor-section-height-default elementor-section-height-default\" data-id=\"63099997\" data-element_type=\"section\">\n\t\t\t\t\t\t<div class=\"elementor-container elementor-column-gap-default\">\n\t\t\t\t\t<div class=\"elementor-column elementor-col-100 elementor-top-column elementor-element elementor-element-727e7a6f\" data-id=\"727e7a6f\" data-element_type=\"column\">\n\t\t\t<div class=\"elementor-widget-wrap elementor-element-populated\">\n\t\t\t\t\t\t\t\t<div class=\"elementor-element elementor-element-517d9a08 elementor-invisible elementor-widget elementor-widget-gallery\" data-id=\"517d9a08\" data-element_type=\"widget\" data-settings=\"{&quot;_animation&quot;:&quot;slideInUp&quot;,&quot;overlay_title&quot;:&quot;title&quot;,&quot;lazyload&quot;:&quot;yes&quot;,&quot;gallery_layout&quot;:&quot;grid&quot;,&quot;columns&quot;:4,&quot;columns_tablet&quot;:2,&quot;columns_mobile&quot;:1,&quot;gap&quot;:{&quot;unit&quot;:&quot;px&quot;,&quot;size&quot;:10,&quot;sizes&quot;:[]},&quot;gap_tablet&quot;:{&quot;unit&quot;:&quot;px&quot;,&quot;size&quot;:10,&quot;sizes&quot;:[]},&quot;gap_mobile&quot;:{&quot;unit&quot;:&quot;px&quot;,&quot;size&quot;:10,&quot;sizes&quot;:[]},&quot;link_to&quot;:&quot;file&quot;,&quot;aspect_ratio&quot;:&quot;3:2&quot;,&quot;overlay_background&quot;:&quot;yes&quot;,&quot;content_hover_animation&quot;:&quot;fade-in&quot;}\" data-widget_type=\"gallery.default\">\n\t\t\t\t<div class=\"elementor-widget-container\">\n\t\t\t\t\t<div class=\"elementor-gallery__container\">\n\t\t\t\t\t\t\t<a class=\"e-gallery-item elementor-gallery-item elementor-animated-content\" href=\"https:\/\/montevardia-hotel.com\/wp-content\/uploads\/2021\/06\/gems-1.jpg\" data-elementor-open-lightbox=\"yes\" data-elementor-lightbox-slideshow=\"all-517d9a08\" data-elementor-lightbox-title=\"Gems restaurant\" data-elementor-lightbox-description=\"Gems restaurant\">\n\t\t\t\t\t<div class=\"e-gallery-image elementor-gallery-item__image\" data-thumbnail=\"https:\/\/montevardia-hotel.com\/wp-content\/uploads\/2021\/06\/gems-1-300x169.jpg\" data-width=\"300\" data-height=\"169\" alt=\"Gems restaurant\" ><\/div>\n\t\t\t\t\t\t\t\t\t\t<div class=\"elementor-gallery-item__overlay\"><\/div>\n\t\t\t\t\t\t\t\t\t\t\t\t\t\t\t<div class=\"elementor-gallery-item__content\">\n\t\t\t\t\t\t\t\t\t\t\t\t\t<div class=\"elementor-gallery-item__title\">Gems restaurant<\/div>\n\t\t\t\t\t\t\t\t\t\t\t\t<\/div>\n\t\t\t\t\t\t\t\t\t<\/a>\n\t\t\t\t\t\t\t<a class=\"e-gallery-item elementor-gallery-item elementor-animated-content\" href=\"https:\/\/montevardia-hotel.com\/wp-content\/uploads\/2021\/06\/gems-2-1.jpg\" data-elementor-open-lightbox=\"yes\" data-elementor-lightbox-slideshow=\"all-517d9a08\" data-elementor-lightbox-title=\"Gems restaurant\" data-elementor-lightbox-description=\"Gems restaurant\">\n\t\t\t\t\t<div class=\"e-gallery-image elementor-gallery-item__image\" data-thumbnail=\"https:\/\/montevardia-hotel.com\/wp-content\/uploads\/2021\/06\/gems-2-1-300x169.jpg\" data-width=\"300\" data-height=\"169\" alt=\"Gems restaurant\" ><\/div>\n\t\t\t\t\t\t\t\t\t\t<div class=\"elementor-gallery-item__overlay\"><\/div>\n\t\t\t\t\t\t\t\t\t\t\t\t\t\t\t<div class=\"elementor-gallery-item__content\">\n\t\t\t\t\t\t\t\t\t\t\t\t\t<div class=\"elementor-gallery-item__title\">Gems restaurant<\/div>\n\t\t\t\t\t\t\t\t\t\t\t\t<\/div>\n\t\t\t\t\t\t\t\t\t<\/a>\n\t\t\t\t\t\t\t<a class=\"e-gallery-item elementor-gallery-item elementor-animated-content\" href=\"https:\/\/montevardia-hotel.com\/wp-content\/uploads\/2021\/06\/gems-3.jpg\" data-elementor-open-lightbox=\"yes\" data-elementor-lightbox-slideshow=\"all-517d9a08\" data-elementor-lightbox-title=\"Gems restaurant\" data-elementor-lightbox-description=\"Gems restaurant\">\n\t\t\t\t\t<div class=\"e-gallery-image elementor-gallery-item__image\" data-thumbnail=\"https:\/\/montevardia-hotel.com\/wp-content\/uploads\/2021\/06\/gems-3-300x169.jpg\" data-width=\"300\" data-height=\"169\" alt=\"Gems restaurant\" ><\/div>\n\t\t\t\t\t\t\t\t\t\t<div class=\"elementor-gallery-item__overlay\"><\/div>\n\t\t\t\t\t\t\t\t\t\t\t\t\t\t\t<div class=\"elementor-gallery-item__content\">\n\t\t\t\t\t\t\t\t\t\t\t\t\t<div class=\"elementor-gallery-item__title\">Gems restaurant<\/div>\n\t\t\t\t\t\t\t\t\t\t\t\t<\/div>\n\t\t\t\t\t\t\t\t\t<\/a>\n\t\t\t\t\t\t\t<a class=\"e-gallery-item elementor-gallery-item elementor-animated-content\" href=\"https:\/\/montevardia-hotel.com\/wp-content\/uploads\/2021\/06\/gems-4.jpg\" data-elementor-open-lightbox=\"yes\" data-elementor-lightbox-slideshow=\"all-517d9a08\" data-elementor-lightbox-title=\"Gems restaurant\" data-elementor-lightbox-description=\"Gems restaurant\">\n\t\t\t\t\t<div class=\"e-gallery-image elementor-gallery-item__image\" data-thumbnail=\"https:\/\/montevardia-hotel.com\/wp-content\/uploads\/2021\/06\/gems-4-300x225.jpg\" data-width=\"300\" data-height=\"225\" alt=\"Gems restaurant\" ><\/div>\n\t\t\t\t\t\t\t\t\t\t<div class=\"elementor-gallery-item__overlay\"><\/div>\n\t\t\t\t\t\t\t\t\t\t\t\t\t\t\t<div class=\"elementor-gallery-item__content\">\n\t\t\t\t\t\t\t\t\t\t\t\t\t<div class=\"elementor-gallery-item__title\">Gems restaurant<\/div>\n\t\t\t\t\t\t\t\t\t\t\t\t<\/div>\n\t\t\t\t\t\t\t\t\t<\/a>\n\t\t\t\t\t<\/div>\n\t\t\t<\/div>\n\t\t\t\t<\/div>\n\t\t\t\t\t<\/div>\n\t\t<\/div>\n\t\t\t\t\t\t\t<\/div>\n\t\t<\/section>\n\t\t\t\t\t\t<\/div>\n\t\t\t\t\t<\/div>\n\t\t","protected":false},"excerpt":{"rendered":"<p>Gems est situ\u00e9 au rez-de-chauss\u00e9e de l&rsquo;h\u00f4tel Monte Vardia et est ouvert au public. Il propose un menu de restaurant complet dans une atmosph\u00e8re l\u00e9g\u00e8re et d\u00e9contract\u00e9e, avec une s\u00e9lection de bi\u00e8res nationales et import\u00e9es, de vins et de cocktails de saison. Convient \u00e9galement \u00e0 toutes les occasions, des \u00e9v\u00e9nements d&rsquo;entreprise aux d\u00eeners priv\u00e9s, sans [&hellip;]<\/p>\n","protected":false},"author":1,"featured_media":0,"parent":0,"menu_order":0,"comment_status":"closed","ping_status":"closed","template":"","meta":{"footnotes":""},"class_list":["post-1581","page","type-page","status-publish","hentry"],"yoast_head":"<!-- This site is optimized with the Yoast SEO plugin v24.3 - https:\/\/yoast.com\/wordpress\/plugins\/seo\/ -->\n<title>Gems Caf\u00e9\/bistro | Montevardia Hotel Chania Crete<\/title>\n<meta name=\"robots\" content=\"index, follow, max-snippet:-1, max-image-preview:large, max-video-preview:-1\" \/>\n<link rel=\"canonical\" href=\"https:\/\/montevardia-hotel.com\/fr\/gems-cafe-bistro\/\" \/>\n<meta property=\"og:locale\" content=\"fr_FR\" \/>\n<meta property=\"og:type\" content=\"article\" \/>\n<meta property=\"og:title\" content=\"Gems Caf\u00e9\/bistro | Montevardia Hotel Chania Crete\" \/>\n<meta property=\"og:description\" content=\"Gems est situ\u00e9 au rez-de-chauss\u00e9e de l&rsquo;h\u00f4tel Monte Vardia et est ouvert au public. Il propose un menu de restaurant complet dans une atmosph\u00e8re l\u00e9g\u00e8re et d\u00e9contract\u00e9e, avec une s\u00e9lection de bi\u00e8res nationales et import\u00e9es, de vins et de cocktails de saison. Convient \u00e9galement \u00e0 toutes les occasions, des \u00e9v\u00e9nements d&rsquo;entreprise aux d\u00eeners priv\u00e9s, sans [&hellip;]\" \/>\n<meta property=\"og:url\" content=\"https:\/\/montevardia-hotel.com\/fr\/gems-cafe-bistro\/\" \/>\n<meta property=\"og:site_name\" content=\"Montevardia Hotel Chania Crete\" \/>\n<meta property=\"article:publisher\" content=\"https:\/\/www.facebook.com\/montevardiahotel\" \/>\n<meta property=\"article:modified_time\" content=\"2022-05-13T09:30:10+00:00\" \/>\n<meta property=\"og:image\" content=\"https:\/\/montevardia-hotel.com\/wp-content\/uploads\/2022\/05\/gems-cafe-logo.png\" \/>\n<meta name=\"twitter:card\" content=\"summary_large_image\" \/>\n<meta name=\"twitter:label1\" content=\"Dur\u00e9e de lecture estim\u00e9e\" \/>\n\t<meta name=\"twitter:data1\" content=\"1 minute\" \/>\n<script type=\"application\/ld+json\" class=\"yoast-schema-graph\">{\"@context\":\"https:\/\/schema.org\",\"@graph\":[{\"@type\":\"WebPage\",\"@id\":\"https:\/\/montevardia-hotel.com\/fr\/gems-cafe-bistro\/\",\"url\":\"https:\/\/montevardia-hotel.com\/fr\/gems-cafe-bistro\/\",\"name\":\"Gems Caf\u00e9\/bistro | Montevardia Hotel Chania Crete\",\"isPartOf\":{\"@id\":\"https:\/\/montevardia-hotel.com\/#website\"},\"primaryImageOfPage\":{\"@id\":\"https:\/\/montevardia-hotel.com\/fr\/gems-cafe-bistro\/#primaryimage\"},\"image\":{\"@id\":\"https:\/\/montevardia-hotel.com\/fr\/gems-cafe-bistro\/#primaryimage\"},\"thumbnailUrl\":\"https:\/\/montevardia-hotel.com\/wp-content\/uploads\/2022\/05\/gems-cafe-logo.png\",\"datePublished\":\"2021-06-04T12:51:59+00:00\",\"dateModified\":\"2022-05-13T09:30:10+00:00\",\"breadcrumb\":{\"@id\":\"https:\/\/montevardia-hotel.com\/fr\/gems-cafe-bistro\/#breadcrumb\"},\"inLanguage\":\"fr-FR\",\"potentialAction\":[{\"@type\":\"ReadAction\",\"target\":[\"https:\/\/montevardia-hotel.com\/fr\/gems-cafe-bistro\/\"]}]},{\"@type\":\"ImageObject\",\"inLanguage\":\"fr-FR\",\"@id\":\"https:\/\/montevardia-hotel.com\/fr\/gems-cafe-bistro\/#primaryimage\",\"url\":\"https:\/\/montevardia-hotel.com\/wp-content\/uploads\/2022\/05\/gems-cafe-logo.png\",\"contentUrl\":\"https:\/\/montevardia-hotel.com\/wp-content\/uploads\/2022\/05\/gems-cafe-logo.png\"},{\"@type\":\"BreadcrumbList\",\"@id\":\"https:\/\/montevardia-hotel.com\/fr\/gems-cafe-bistro\/#breadcrumb\",\"itemListElement\":[{\"@type\":\"ListItem\",\"position\":1,\"name\":\"Home\",\"item\":\"https:\/\/montevardia-hotel.com\/fr\/\"},{\"@type\":\"ListItem\",\"position\":2,\"name\":\"Gems Caf\u00e9\/bistro\"}]},{\"@type\":\"WebSite\",\"@id\":\"https:\/\/montevardia-hotel.com\/#website\",\"url\":\"https:\/\/montevardia-hotel.com\/\",\"name\":\"Montevardia Hotel Chania Crete\",\"description\":\"\",\"publisher\":{\"@id\":\"https:\/\/montevardia-hotel.com\/#organization\"},\"potentialAction\":[{\"@type\":\"SearchAction\",\"target\":{\"@type\":\"EntryPoint\",\"urlTemplate\":\"https:\/\/montevardia-hotel.com\/?s={search_term_string}\"},\"query-input\":{\"@type\":\"PropertyValueSpecification\",\"valueRequired\":true,\"valueName\":\"search_term_string\"}}],\"inLanguage\":\"fr-FR\"},{\"@type\":\"Organization\",\"@id\":\"https:\/\/montevardia-hotel.com\/#organization\",\"name\":\"Montevardia Hotel Chania Crete\",\"url\":\"https:\/\/montevardia-hotel.com\/\",\"logo\":{\"@type\":\"ImageObject\",\"inLanguage\":\"fr-FR\",\"@id\":\"https:\/\/montevardia-hotel.com\/#\/schema\/logo\/image\/\",\"url\":\"https:\/\/montevardia-hotel.com\/wp-content\/uploads\/2022\/04\/Logo-montevardia-rooms-hd.png\",\"contentUrl\":\"https:\/\/montevardia-hotel.com\/wp-content\/uploads\/2022\/04\/Logo-montevardia-rooms-hd.png\",\"width\":452,\"height\":80,\"caption\":\"Montevardia Hotel Chania Crete\"},\"image\":{\"@id\":\"https:\/\/montevardia-hotel.com\/#\/schema\/logo\/image\/\"},\"sameAs\":[\"https:\/\/www.facebook.com\/montevardiahotel\",\"https:\/\/www.instagram.com\/gemscafebistro\/\"]}]}<\/script>\n<!-- \/ Yoast SEO plugin. -->","yoast_head_json":{"title":"Gems Caf\u00e9\/bistro | Montevardia Hotel Chania Crete","robots":{"index":"index","follow":"follow","max-snippet":"max-snippet:-1","max-image-preview":"max-image-preview:large","max-video-preview":"max-video-preview:-1"},"canonical":"https:\/\/montevardia-hotel.com\/fr\/gems-cafe-bistro\/","og_locale":"fr_FR","og_type":"article","og_title":"Gems Caf\u00e9\/bistro | Montevardia Hotel Chania Crete","og_description":"Gems est situ\u00e9 au rez-de-chauss\u00e9e de l&rsquo;h\u00f4tel Monte Vardia et est ouvert au public. Il propose un menu de restaurant complet dans une atmosph\u00e8re l\u00e9g\u00e8re et d\u00e9contract\u00e9e, avec une s\u00e9lection de bi\u00e8res nationales et import\u00e9es, de vins et de cocktails de saison. Convient \u00e9galement \u00e0 toutes les occasions, des \u00e9v\u00e9nements d&rsquo;entreprise aux d\u00eeners priv\u00e9s, sans [&hellip;]","og_url":"https:\/\/montevardia-hotel.com\/fr\/gems-cafe-bistro\/","og_site_name":"Montevardia Hotel Chania Crete","article_publisher":"https:\/\/www.facebook.com\/montevardiahotel","article_modified_time":"2022-05-13T09:30:10+00:00","og_image":[{"url":"https:\/\/montevardia-hotel.com\/wp-content\/uploads\/2022\/05\/gems-cafe-logo.png","type":"","width":"","height":""}],"twitter_card":"summary_large_image","twitter_misc":{"Dur\u00e9e de lecture estim\u00e9e":"1 minute"},"schema":{"@context":"https:\/\/schema.org","@graph":[{"@type":"WebPage","@id":"https:\/\/montevardia-hotel.com\/fr\/gems-cafe-bistro\/","url":"https:\/\/montevardia-hotel.com\/fr\/gems-cafe-bistro\/","name":"Gems Caf\u00e9\/bistro | Montevardia Hotel Chania Crete","isPartOf":{"@id":"https:\/\/montevardia-hotel.com\/#website"},"primaryImageOfPage":{"@id":"https:\/\/montevardia-hotel.com\/fr\/gems-cafe-bistro\/#primaryimage"},"image":{"@id":"https:\/\/montevardia-hotel.com\/fr\/gems-cafe-bistro\/#primaryimage"},"thumbnailUrl":"https:\/\/montevardia-hotel.com\/wp-content\/uploads\/2022\/05\/gems-cafe-logo.png","datePublished":"2021-06-04T12:51:59+00:00","dateModified":"2022-05-13T09:30:10+00:00","breadcrumb":{"@id":"https:\/\/montevardia-hotel.com\/fr\/gems-cafe-bistro\/#breadcrumb"},"inLanguage":"fr-FR","potentialAction":[{"@type":"ReadAction","target":["https:\/\/montevardia-hotel.com\/fr\/gems-cafe-bistro\/"]}]},{"@type":"ImageObject","inLanguage":"fr-FR","@id":"https:\/\/montevardia-hotel.com\/fr\/gems-cafe-bistro\/#primaryimage","url":"https:\/\/montevardia-hotel.com\/wp-content\/uploads\/2022\/05\/gems-cafe-logo.png","contentUrl":"https:\/\/montevardia-hotel.com\/wp-content\/uploads\/2022\/05\/gems-cafe-logo.png"},{"@type":"BreadcrumbList","@id":"https:\/\/montevardia-hotel.com\/fr\/gems-cafe-bistro\/#breadcrumb","itemListElement":[{"@type":"ListItem","position":1,"name":"Home","item":"https:\/\/montevardia-hotel.com\/fr\/"},{"@type":"ListItem","position":2,"name":"Gems Caf\u00e9\/bistro"}]},{"@type":"WebSite","@id":"https:\/\/montevardia-hotel.com\/#website","url":"https:\/\/montevardia-hotel.com\/","name":"Montevardia Hotel Chania Crete","description":"","publisher":{"@id":"https:\/\/montevardia-hotel.com\/#organization"},"potentialAction":[{"@type":"SearchAction","target":{"@type":"EntryPoint","urlTemplate":"https:\/\/montevardia-hotel.com\/?s={search_term_string}"},"query-input":{"@type":"PropertyValueSpecification","valueRequired":true,"valueName":"search_term_string"}}],"inLanguage":"fr-FR"},{"@type":"Organization","@id":"https:\/\/montevardia-hotel.com\/#organization","name":"Montevardia Hotel Chania Crete","url":"https:\/\/montevardia-hotel.com\/","logo":{"@type":"ImageObject","inLanguage":"fr-FR","@id":"https:\/\/montevardia-hotel.com\/#\/schema\/logo\/image\/","url":"https:\/\/montevardia-hotel.com\/wp-content\/uploads\/2022\/04\/Logo-montevardia-rooms-hd.png","contentUrl":"https:\/\/montevardia-hotel.com\/wp-content\/uploads\/2022\/04\/Logo-montevardia-rooms-hd.png","width":452,"height":80,"caption":"Montevardia Hotel Chania Crete"},"image":{"@id":"https:\/\/montevardia-hotel.com\/#\/schema\/logo\/image\/"},"sameAs":["https:\/\/www.facebook.com\/montevardiahotel","https:\/\/www.instagram.com\/gemscafebistro\/"]}]}},"_links":{"self":[{"href":"https:\/\/montevardia-hotel.com\/fr\/wp-json\/wp\/v2\/pages\/1581","targetHints":{"allow":["GET"]}}],"collection":[{"href":"https:\/\/montevardia-hotel.com\/fr\/wp-json\/wp\/v2\/pages"}],"about":[{"href":"https:\/\/montevardia-hotel.com\/fr\/wp-json\/wp\/v2\/types\/page"}],"author":[{"embeddable":true,"href":"https:\/\/montevardia-hotel.com\/fr\/wp-json\/wp\/v2\/users\/1"}],"replies":[{"embeddable":true,"href":"https:\/\/montevardia-hotel.com\/fr\/wp-json\/wp\/v2\/comments?post=1581"}],"version-history":[{"count":6,"href":"https:\/\/montevardia-hotel.com\/fr\/wp-json\/wp\/v2\/pages\/1581\/revisions"}],"predecessor-version":[{"id":4074,"href":"https:\/\/montevardia-hotel.com\/fr\/wp-json\/wp\/v2\/pages\/1581\/revisions\/4074"}],"wp:attachment":[{"href":"https:\/\/montevardia-hotel.com\/fr\/wp-json\/wp\/v2\/media?parent=1581"}],"curies":[{"name":"wp","href":"https:\/\/api.w.org\/{rel}","templated":true}]}}