{"id":1582,"date":"2021-06-04T13:27:38","date_gmt":"2021-06-04T10:27:38","guid":{"rendered":"http:\/\/montevardia-hotel.com\/rooms\/"},"modified":"2022-05-11T14:36:37","modified_gmt":"2022-05-11T11:36:37","slug":"rooms","status":"publish","type":"page","link":"https:\/\/montevardia-hotel.com\/fr\/rooms\/","title":{"rendered":"Chambres d&rsquo;h\u00f4tel"},"content":{"rendered":"\t\t<div data-elementor-type=\"wp-page\" data-elementor-id=\"1582\" class=\"elementor elementor-1582 elementor-127\" data-elementor-settings=\"[]\">\n\t\t\t\t\t\t\t<div class=\"elementor-section-wrap\">\n\t\t\t\t\t\t\t<section class=\"elementor-section elementor-top-section elementor-element elementor-element-6c1785d elementor-section-boxed elementor-section-height-default elementor-section-height-default\" data-id=\"6c1785d\" data-element_type=\"section\">\n\t\t\t\t\t\t<div class=\"elementor-container elementor-column-gap-default\">\n\t\t\t\t\t<div class=\"elementor-column elementor-col-100 elementor-top-column elementor-element elementor-element-fbfd931 animated-slow elementor-invisible\" data-id=\"fbfd931\" data-element_type=\"column\" data-settings=\"{&quot;animation&quot;:&quot;fadeIn&quot;}\">\n\t\t\t<div class=\"elementor-widget-wrap elementor-element-populated\">\n\t\t\t\t\t\t\t\t<div class=\"elementor-element elementor-element-a7dc1de elementor-widget elementor-widget-heading\" data-id=\"a7dc1de\" data-element_type=\"widget\" data-widget_type=\"heading.default\">\n\t\t\t\t<div class=\"elementor-widget-container\">\n\t\t\t<h1 class=\"elementor-heading-title elementor-size-default\">Types de chambres<\/h1>\t\t<\/div>\n\t\t\t\t<\/div>\n\t\t\t\t<section class=\"elementor-section elementor-inner-section elementor-element elementor-element-85ff511 elementor-section-content-middle elementor-section-boxed elementor-section-height-default elementor-section-height-default\" data-id=\"85ff511\" data-element_type=\"section\">\n\t\t\t\t\t\t<div class=\"elementor-container elementor-column-gap-no\">\n\t\t\t\t\t<div class=\"elementor-column elementor-col-20 elementor-inner-column elementor-element elementor-element-4609a8c\" data-id=\"4609a8c\" data-element_type=\"column\">\n\t\t\t<div class=\"elementor-widget-wrap\">\n\t\t\t\t\t\t\t\t\t<\/div>\n\t\t<\/div>\n\t\t\t\t<div class=\"elementor-column elementor-col-20 elementor-inner-column elementor-element elementor-element-afe928d\" data-id=\"afe928d\" data-element_type=\"column\">\n\t\t\t<div class=\"elementor-widget-wrap elementor-element-populated\">\n\t\t\t\t\t\t\t\t<div class=\"elementor-element elementor-element-8f7566c elementor-view-default elementor-widget elementor-widget-icon\" data-id=\"8f7566c\" data-element_type=\"widget\" data-widget_type=\"icon.default\">\n\t\t\t\t<div class=\"elementor-widget-container\">\n\t\t\t\t\t<div class=\"elementor-icon-wrapper\">\n\t\t\t<div class=\"elementor-icon\">\n\t\t\t<i aria-hidden=\"true\" class=\"fas fa-star\"><\/i>\t\t\t<\/div>\n\t\t<\/div>\n\t\t\t\t<\/div>\n\t\t\t\t<\/div>\n\t\t\t\t\t<\/div>\n\t\t<\/div>\n\t\t\t\t<div class=\"elementor-column elementor-col-20 elementor-inner-column elementor-element elementor-element-1e6e0e7\" data-id=\"1e6e0e7\" data-element_type=\"column\">\n\t\t\t<div class=\"elementor-widget-wrap elementor-element-populated\">\n\t\t\t\t\t\t\t\t<div class=\"elementor-element elementor-element-32c5ad4 elementor-view-default elementor-widget elementor-widget-icon\" data-id=\"32c5ad4\" data-element_type=\"widget\" data-widget_type=\"icon.default\">\n\t\t\t\t<div class=\"elementor-widget-container\">\n\t\t\t\t\t<div class=\"elementor-icon-wrapper\">\n\t\t\t<div class=\"elementor-icon\">\n\t\t\t<i aria-hidden=\"true\" class=\"fas fa-star\"><\/i>\t\t\t<\/div>\n\t\t<\/div>\n\t\t\t\t<\/div>\n\t\t\t\t<\/div>\n\t\t\t\t\t<\/div>\n\t\t<\/div>\n\t\t\t\t<div class=\"elementor-column elementor-col-20 elementor-inner-column elementor-element elementor-element-9338857\" data-id=\"9338857\" data-element_type=\"column\">\n\t\t\t<div class=\"elementor-widget-wrap elementor-element-populated\">\n\t\t\t\t\t\t\t\t<div class=\"elementor-element elementor-element-6ae86d9 elementor-view-default elementor-widget elementor-widget-icon\" data-id=\"6ae86d9\" data-element_type=\"widget\" data-widget_type=\"icon.default\">\n\t\t\t\t<div class=\"elementor-widget-container\">\n\t\t\t\t\t<div class=\"elementor-icon-wrapper\">\n\t\t\t<div class=\"elementor-icon\">\n\t\t\t<i aria-hidden=\"true\" class=\"fas fa-star\"><\/i>\t\t\t<\/div>\n\t\t<\/div>\n\t\t\t\t<\/div>\n\t\t\t\t<\/div>\n\t\t\t\t\t<\/div>\n\t\t<\/div>\n\t\t\t\t<div class=\"elementor-column elementor-col-20 elementor-inner-column elementor-element elementor-element-e6ac3a3\" data-id=\"e6ac3a3\" data-element_type=\"column\">\n\t\t\t<div class=\"elementor-widget-wrap\">\n\t\t\t\t\t\t\t\t\t<\/div>\n\t\t<\/div>\n\t\t\t\t\t\t\t<\/div>\n\t\t<\/section>\n\t\t\t\t<div class=\"elementor-element elementor-element-30e4c17 elementor-widget elementor-widget-heading\" data-id=\"30e4c17\" data-element_type=\"widget\" data-widget_type=\"heading.default\">\n\t\t\t\t<div class=\"elementor-widget-container\">\n\t\t\t<h1 class=\"elementor-heading-title elementor-size-default\">- Chaque chambre offre un confort individuel -<\/h1>\t\t<\/div>\n\t\t\t\t<\/div>\n\t\t\t\t\t<\/div>\n\t\t<\/div>\n\t\t\t\t\t\t\t<\/div>\n\t\t<\/section>\n\t\t\t\t<section class=\"elementor-section elementor-top-section elementor-element elementor-element-3e120ef2 elementor-section-boxed elementor-section-height-default elementor-section-height-default\" data-id=\"3e120ef2\" data-element_type=\"section\">\n\t\t\t\t\t\t<div class=\"elementor-container elementor-column-gap-default\">\n\t\t\t\t\t\t\t\t<\/div>\n\t\t<\/section>\n\t\t\t\t<section class=\"elementor-section elementor-top-section elementor-element elementor-element-1085d6cd elementor-section-boxed elementor-section-height-default elementor-section-height-default\" data-id=\"1085d6cd\" data-element_type=\"section\">\n\t\t\t\t\t\t<div class=\"elementor-container elementor-column-gap-default\">\n\t\t\t\t\t\t\t\t<\/div>\n\t\t<\/section>\n\t\t\t\t<section class=\"elementor-section elementor-top-section elementor-element elementor-element-eec4833 elementor-section-boxed elementor-section-height-default elementor-section-height-default\" data-id=\"eec4833\" data-element_type=\"section\">\n\t\t\t\t\t\t<div class=\"elementor-container elementor-column-gap-default\">\n\t\t\t\t\t<div class=\"elementor-column elementor-col-50 elementor-top-column elementor-element elementor-element-c5f1205\" data-id=\"c5f1205\" data-element_type=\"column\">\n\t\t\t<div class=\"elementor-widget-wrap elementor-element-populated\">\n\t\t\t\t\t\t\t\t<div class=\"elementor-element elementor-element-e4f6f19 elementor-cta--skin-cover elementor-animated-content elementor-bg-transform elementor-bg-transform-zoom-in elementor-widget elementor-widget-call-to-action\" data-id=\"e4f6f19\" data-element_type=\"widget\" data-widget_type=\"call-to-action.default\">\n\t\t\t\t<div class=\"elementor-widget-container\">\n\t\t\t\t\t<a href=\"http:\/\/montevardia-hotel.com\/fr\/rooms\/single-room\/\" class=\"elementor-cta\">\n\t\t\t\t\t<div class=\"elementor-cta__bg-wrapper\">\n\t\t\t\t<div class=\"elementor-cta__bg elementor-bg\" style=\"background-image: url(https:\/\/montevardia-hotel.com\/wp-content\/uploads\/2021\/06\/single-room-pic-1-1024x576.jpg);\"><\/div>\n\t\t\t\t<div class=\"elementor-cta__bg-overlay\"><\/div>\n\t\t\t<\/div>\n\t\t\t\t\t\t\t<div class=\"elementor-cta__content\">\n\t\t\t\t\n\t\t\t\t\t\t\t\t\t<h2 class=\"elementor-cta__title elementor-cta__content-item elementor-content-item elementor-animated-item--enter-zoom-in\">\n\t\t\t\t\t\tChambre simple\t\t\t\t\t<\/h2>\n\t\t\t\t\n\t\t\t\t\t\t\t\t\t<div class=\"elementor-cta__description elementor-cta__content-item elementor-content-item elementor-animated-item--enter-zoom-in\">\n\t\t\t\t\t\tLe d\u00e9cor chaleureux des chambres simples spacieuses offre confort et d\u00e9tente toute l'ann\u00e9e.\t\t\t\t\t<\/div>\n\t\t\t\t\n\t\t\t\t\t\t\t<\/div>\n\t\t\t\t\t\t<\/a>\n\t\t\t\t<\/div>\n\t\t\t\t<\/div>\n\t\t\t\t<div class=\"elementor-element elementor-element-9401516 elementor-widget elementor-widget-heading\" data-id=\"9401516\" data-element_type=\"widget\" data-widget_type=\"heading.default\">\n\t\t\t\t<div class=\"elementor-widget-container\">\n\t\t\t<h2 class=\"elementor-heading-title elementor-size-default\"><a href=\"http:\/\/montevardia-hotel.com\/fr\/rooms\/single-room\/\">Chambre simple<\/a><\/h2>\t\t<\/div>\n\t\t\t\t<\/div>\n\t\t\t\t\t<\/div>\n\t\t<\/div>\n\t\t\t\t<div class=\"elementor-column elementor-col-50 elementor-top-column elementor-element elementor-element-fd660f1\" data-id=\"fd660f1\" data-element_type=\"column\">\n\t\t\t<div class=\"elementor-widget-wrap elementor-element-populated\">\n\t\t\t\t\t\t\t\t<div class=\"elementor-element elementor-element-8e9953c elementor-cta--skin-cover elementor-animated-content elementor-bg-transform elementor-bg-transform-zoom-in elementor-widget elementor-widget-call-to-action\" data-id=\"8e9953c\" data-element_type=\"widget\" data-widget_type=\"call-to-action.default\">\n\t\t\t\t<div class=\"elementor-widget-container\">\n\t\t\t\t\t<a href=\"http:\/\/montevardia-hotel.com\/fr\/rooms\/double-room\/\" class=\"elementor-cta\">\n\t\t\t\t\t<div class=\"elementor-cta__bg-wrapper\">\n\t\t\t\t<div class=\"elementor-cta__bg elementor-bg\" style=\"background-image: url(https:\/\/montevardia-hotel.com\/wp-content\/uploads\/2021\/06\/Double-room-pic-1-1024x576.jpg);\"><\/div>\n\t\t\t\t<div class=\"elementor-cta__bg-overlay\"><\/div>\n\t\t\t<\/div>\n\t\t\t\t\t\t\t<div class=\"elementor-cta__content\">\n\t\t\t\t\n\t\t\t\t\t\t\t\t\t<h2 class=\"elementor-cta__title elementor-cta__content-item elementor-content-item elementor-animated-item--enter-zoom-in\">\n\t\t\t\t\t\tChambre double\t\t\t\t\t<\/h2>\n\t\t\t\t\n\t\t\t\t\t\t\t\t\t<div class=\"elementor-cta__description elementor-cta__content-item elementor-content-item elementor-animated-item--enter-zoom-in\">\n\t\t\t\t\t\tLe plus appropri\u00e9 pour les couples car la taille de la chambre et du lit permet de se d\u00e9tendre et de se sentir chez soi.\t\t\t\t\t<\/div>\n\t\t\t\t\n\t\t\t\t\t\t\t<\/div>\n\t\t\t\t\t\t<\/a>\n\t\t\t\t<\/div>\n\t\t\t\t<\/div>\n\t\t\t\t<div class=\"elementor-element elementor-element-9339e3c elementor-widget elementor-widget-heading\" data-id=\"9339e3c\" data-element_type=\"widget\" data-widget_type=\"heading.default\">\n\t\t\t\t<div class=\"elementor-widget-container\">\n\t\t\t<h2 class=\"elementor-heading-title elementor-size-default\"><a href=\"http:\/\/montevardia-hotel.com\/fr\/rooms\/double-room\/\">Chambre double<\/a><\/h2>\t\t<\/div>\n\t\t\t\t<\/div>\n\t\t\t\t\t<\/div>\n\t\t<\/div>\n\t\t\t\t\t\t\t<\/div>\n\t\t<\/section>\n\t\t\t\t<section class=\"elementor-section elementor-top-section elementor-element elementor-element-10698f9 elementor-section-boxed elementor-section-height-default elementor-section-height-default\" data-id=\"10698f9\" data-element_type=\"section\">\n\t\t\t\t\t\t<div class=\"elementor-container elementor-column-gap-default\">\n\t\t\t\t\t<div class=\"elementor-column elementor-col-50 elementor-top-column elementor-element elementor-element-b95e852\" data-id=\"b95e852\" data-element_type=\"column\">\n\t\t\t<div class=\"elementor-widget-wrap elementor-element-populated\">\n\t\t\t\t\t\t\t\t<div class=\"elementor-element elementor-element-1637397 elementor-cta--skin-cover elementor-animated-content elementor-bg-transform elementor-bg-transform-zoom-in elementor-widget elementor-widget-call-to-action\" data-id=\"1637397\" data-element_type=\"widget\" data-widget_type=\"call-to-action.default\">\n\t\t\t\t<div class=\"elementor-widget-container\">\n\t\t\t\t\t<a href=\"http:\/\/montevardia-hotel.com\/fr\/rooms\/triple-room\/\" class=\"elementor-cta\">\n\t\t\t\t\t<div class=\"elementor-cta__bg-wrapper\">\n\t\t\t\t<div class=\"elementor-cta__bg elementor-bg\" style=\"background-image: url(https:\/\/montevardia-hotel.com\/wp-content\/uploads\/2021\/06\/triple-room-pic-4-1024x576.jpg);\"><\/div>\n\t\t\t\t<div class=\"elementor-cta__bg-overlay\"><\/div>\n\t\t\t<\/div>\n\t\t\t\t\t\t\t<div class=\"elementor-cta__content\">\n\t\t\t\t\n\t\t\t\t\t\t\t\t\t<h2 class=\"elementor-cta__title elementor-cta__content-item elementor-content-item elementor-animated-item--enter-zoom-in\">\n\t\t\t\t\t\tChambre triple\t\t\t\t\t<\/h2>\n\t\t\t\t\n\t\t\t\t\t\t\t\t\t<div class=\"elementor-cta__description elementor-cta__content-item elementor-content-item elementor-animated-item--enter-zoom-in\">\n\t\t\t\t\t\tUne excellente option pour une famille ou des amis jusqu'\u00e0 3 personnes.\t\t\t\t\t<\/div>\n\t\t\t\t\n\t\t\t\t\t\t\t<\/div>\n\t\t\t\t\t\t<\/a>\n\t\t\t\t<\/div>\n\t\t\t\t<\/div>\n\t\t\t\t<div class=\"elementor-element elementor-element-b186303 elementor-widget elementor-widget-heading\" data-id=\"b186303\" data-element_type=\"widget\" data-widget_type=\"heading.default\">\n\t\t\t\t<div class=\"elementor-widget-container\">\n\t\t\t<h2 class=\"elementor-heading-title elementor-size-default\"><a href=\"http:\/\/montevardia-hotel.com\/fr\/rooms\/triple-room\/\">Chambre triple<\/a><\/h2>\t\t<\/div>\n\t\t\t\t<\/div>\n\t\t\t\t\t<\/div>\n\t\t<\/div>\n\t\t\t\t<div class=\"elementor-column elementor-col-50 elementor-top-column elementor-element elementor-element-4acd8dd\" data-id=\"4acd8dd\" data-element_type=\"column\">\n\t\t\t<div class=\"elementor-widget-wrap elementor-element-populated\">\n\t\t\t\t\t\t\t\t<div class=\"elementor-element elementor-element-58cfa94 elementor-cta--skin-cover elementor-animated-content elementor-bg-transform elementor-bg-transform-zoom-in elementor-widget elementor-widget-call-to-action\" data-id=\"58cfa94\" data-element_type=\"widget\" data-widget_type=\"call-to-action.default\">\n\t\t\t\t<div class=\"elementor-widget-container\">\n\t\t\t\t\t<a href=\"http:\/\/montevardia-hotel.com\/fr\/rooms\/family-room\/\" class=\"elementor-cta\">\n\t\t\t\t\t<div class=\"elementor-cta__bg-wrapper\">\n\t\t\t\t<div class=\"elementor-cta__bg elementor-bg\" style=\"background-image: url(https:\/\/montevardia-hotel.com\/wp-content\/uploads\/2021\/06\/family-pic-1-1024x576.jpg);\"><\/div>\n\t\t\t\t<div class=\"elementor-cta__bg-overlay\"><\/div>\n\t\t\t<\/div>\n\t\t\t\t\t\t\t<div class=\"elementor-cta__content\">\n\t\t\t\t\n\t\t\t\t\t\t\t\t\t<h2 class=\"elementor-cta__title elementor-cta__content-item elementor-content-item elementor-animated-item--enter-zoom-in\">\n\t\t\t\t\t\tChambre Familiale\t\t\t\t\t<\/h2>\n\t\t\t\t\n\t\t\t\t\t\t\t\t\t<div class=\"elementor-cta__description elementor-cta__content-item elementor-content-item elementor-animated-item--enter-zoom-in\">\n\t\t\t\t\t\tParfaites pour l'espace suppl\u00e9mentaire et le confort requis, ces chambres, qui s'apparentent davantage \u00e0 des appartements d'h\u00f4tel, offrent un excellent rapport qualit\u00e9-prix.\t\t\t\t\t<\/div>\n\t\t\t\t\n\t\t\t\t\t\t\t<\/div>\n\t\t\t\t\t\t<\/a>\n\t\t\t\t<\/div>\n\t\t\t\t<\/div>\n\t\t\t\t<div class=\"elementor-element elementor-element-24d9046 elementor-widget elementor-widget-heading\" data-id=\"24d9046\" data-element_type=\"widget\" data-widget_type=\"heading.default\">\n\t\t\t\t<div class=\"elementor-widget-container\">\n\t\t\t<h2 class=\"elementor-heading-title elementor-size-default\"><a href=\"http:\/\/montevardia-hotel.com\/fr\/rooms\/family-room\/\">Chambre Familiale<\/a><\/h2>\t\t<\/div>\n\t\t\t\t<\/div>\n\t\t\t\t\t<\/div>\n\t\t<\/div>\n\t\t\t\t\t\t\t<\/div>\n\t\t<\/section>\n\t\t\t\t\t\t<\/div>\n\t\t\t\t\t<\/div>\n\t\t","protected":false},"excerpt":{"rendered":"<p>Types de chambres &#8211; Chaque chambre offre un confort individuel &#8211; Chambre simple Le d\u00e9cor chaleureux des chambres simples spacieuses offre confort et d\u00e9tente toute l&rsquo;ann\u00e9e. Chambre simple Chambre double Le plus appropri\u00e9 pour les couples car la taille de la chambre et du lit permet de se d\u00e9tendre et de se sentir chez soi. [&hellip;]<\/p>\n","protected":false},"author":1,"featured_media":0,"parent":0,"menu_order":0,"comment_status":"closed","ping_status":"closed","template":"","meta":{"footnotes":""},"class_list":["post-1582","page","type-page","status-publish","hentry"],"yoast_head":"<!-- This site is optimized with the Yoast SEO plugin v24.3 - https:\/\/yoast.com\/wordpress\/plugins\/seo\/ -->\n<title>Chambres d&#039;h\u00f4tel | Montevardia Hotel Chania Crete<\/title>\n<meta name=\"robots\" content=\"index, follow, max-snippet:-1, max-image-preview:large, max-video-preview:-1\" \/>\n<link rel=\"canonical\" href=\"https:\/\/montevardia-hotel.com\/fr\/rooms\/\" \/>\n<meta property=\"og:locale\" content=\"fr_FR\" \/>\n<meta property=\"og:type\" content=\"article\" \/>\n<meta property=\"og:title\" content=\"Chambres d&#039;h\u00f4tel | Montevardia Hotel Chania Crete\" \/>\n<meta property=\"og:description\" content=\"Types de chambres &#8211; Chaque chambre offre un confort individuel &#8211; Chambre simple Le d\u00e9cor chaleureux des chambres simples spacieuses offre confort et d\u00e9tente toute l&rsquo;ann\u00e9e. Chambre simple Chambre double Le plus appropri\u00e9 pour les couples car la taille de la chambre et du lit permet de se d\u00e9tendre et de se sentir chez soi. [&hellip;]\" \/>\n<meta property=\"og:url\" content=\"https:\/\/montevardia-hotel.com\/fr\/rooms\/\" \/>\n<meta property=\"og:site_name\" content=\"Montevardia Hotel Chania Crete\" \/>\n<meta property=\"article:publisher\" content=\"https:\/\/www.facebook.com\/montevardiahotel\" \/>\n<meta property=\"article:modified_time\" content=\"2022-05-11T11:36:37+00:00\" \/>\n<meta name=\"twitter:card\" content=\"summary_large_image\" \/>\n<meta name=\"twitter:label1\" content=\"Dur\u00e9e de lecture estim\u00e9e\" \/>\n\t<meta name=\"twitter:data1\" content=\"1 minute\" \/>\n<script type=\"application\/ld+json\" class=\"yoast-schema-graph\">{\"@context\":\"https:\/\/schema.org\",\"@graph\":[{\"@type\":\"WebPage\",\"@id\":\"https:\/\/montevardia-hotel.com\/fr\/rooms\/\",\"url\":\"https:\/\/montevardia-hotel.com\/fr\/rooms\/\",\"name\":\"Chambres d'h\u00f4tel | Montevardia Hotel Chania Crete\",\"isPartOf\":{\"@id\":\"https:\/\/montevardia-hotel.com\/#website\"},\"datePublished\":\"2021-06-04T10:27:38+00:00\",\"dateModified\":\"2022-05-11T11:36:37+00:00\",\"breadcrumb\":{\"@id\":\"https:\/\/montevardia-hotel.com\/fr\/rooms\/#breadcrumb\"},\"inLanguage\":\"fr-FR\",\"potentialAction\":[{\"@type\":\"ReadAction\",\"target\":[\"https:\/\/montevardia-hotel.com\/fr\/rooms\/\"]}]},{\"@type\":\"BreadcrumbList\",\"@id\":\"https:\/\/montevardia-hotel.com\/fr\/rooms\/#breadcrumb\",\"itemListElement\":[{\"@type\":\"ListItem\",\"position\":1,\"name\":\"Home\",\"item\":\"https:\/\/montevardia-hotel.com\/fr\/\"},{\"@type\":\"ListItem\",\"position\":2,\"name\":\"Chambres d&#8217;h\u00f4tel\"}]},{\"@type\":\"WebSite\",\"@id\":\"https:\/\/montevardia-hotel.com\/#website\",\"url\":\"https:\/\/montevardia-hotel.com\/\",\"name\":\"Montevardia Hotel Chania Crete\",\"description\":\"\",\"publisher\":{\"@id\":\"https:\/\/montevardia-hotel.com\/#organization\"},\"potentialAction\":[{\"@type\":\"SearchAction\",\"target\":{\"@type\":\"EntryPoint\",\"urlTemplate\":\"https:\/\/montevardia-hotel.com\/?s={search_term_string}\"},\"query-input\":{\"@type\":\"PropertyValueSpecification\",\"valueRequired\":true,\"valueName\":\"search_term_string\"}}],\"inLanguage\":\"fr-FR\"},{\"@type\":\"Organization\",\"@id\":\"https:\/\/montevardia-hotel.com\/#organization\",\"name\":\"Montevardia Hotel Chania Crete\",\"url\":\"https:\/\/montevardia-hotel.com\/\",\"logo\":{\"@type\":\"ImageObject\",\"inLanguage\":\"fr-FR\",\"@id\":\"https:\/\/montevardia-hotel.com\/#\/schema\/logo\/image\/\",\"url\":\"https:\/\/montevardia-hotel.com\/wp-content\/uploads\/2022\/04\/Logo-montevardia-rooms-hd.png\",\"contentUrl\":\"https:\/\/montevardia-hotel.com\/wp-content\/uploads\/2022\/04\/Logo-montevardia-rooms-hd.png\",\"width\":452,\"height\":80,\"caption\":\"Montevardia Hotel Chania Crete\"},\"image\":{\"@id\":\"https:\/\/montevardia-hotel.com\/#\/schema\/logo\/image\/\"},\"sameAs\":[\"https:\/\/www.facebook.com\/montevardiahotel\",\"https:\/\/www.instagram.com\/gemscafebistro\/\"]}]}<\/script>\n<!-- \/ Yoast SEO plugin. -->","yoast_head_json":{"title":"Chambres d'h\u00f4tel | Montevardia Hotel Chania Crete","robots":{"index":"index","follow":"follow","max-snippet":"max-snippet:-1","max-image-preview":"max-image-preview:large","max-video-preview":"max-video-preview:-1"},"canonical":"https:\/\/montevardia-hotel.com\/fr\/rooms\/","og_locale":"fr_FR","og_type":"article","og_title":"Chambres d'h\u00f4tel | Montevardia Hotel Chania Crete","og_description":"Types de chambres &#8211; Chaque chambre offre un confort individuel &#8211; Chambre simple Le d\u00e9cor chaleureux des chambres simples spacieuses offre confort et d\u00e9tente toute l&rsquo;ann\u00e9e. Chambre simple Chambre double Le plus appropri\u00e9 pour les couples car la taille de la chambre et du lit permet de se d\u00e9tendre et de se sentir chez soi. [&hellip;]","og_url":"https:\/\/montevardia-hotel.com\/fr\/rooms\/","og_site_name":"Montevardia Hotel Chania Crete","article_publisher":"https:\/\/www.facebook.com\/montevardiahotel","article_modified_time":"2022-05-11T11:36:37+00:00","twitter_card":"summary_large_image","twitter_misc":{"Dur\u00e9e de lecture estim\u00e9e":"1 minute"},"schema":{"@context":"https:\/\/schema.org","@graph":[{"@type":"WebPage","@id":"https:\/\/montevardia-hotel.com\/fr\/rooms\/","url":"https:\/\/montevardia-hotel.com\/fr\/rooms\/","name":"Chambres d'h\u00f4tel | Montevardia Hotel Chania Crete","isPartOf":{"@id":"https:\/\/montevardia-hotel.com\/#website"},"datePublished":"2021-06-04T10:27:38+00:00","dateModified":"2022-05-11T11:36:37+00:00","breadcrumb":{"@id":"https:\/\/montevardia-hotel.com\/fr\/rooms\/#breadcrumb"},"inLanguage":"fr-FR","potentialAction":[{"@type":"ReadAction","target":["https:\/\/montevardia-hotel.com\/fr\/rooms\/"]}]},{"@type":"BreadcrumbList","@id":"https:\/\/montevardia-hotel.com\/fr\/rooms\/#breadcrumb","itemListElement":[{"@type":"ListItem","position":1,"name":"Home","item":"https:\/\/montevardia-hotel.com\/fr\/"},{"@type":"ListItem","position":2,"name":"Chambres d&#8217;h\u00f4tel"}]},{"@type":"WebSite","@id":"https:\/\/montevardia-hotel.com\/#website","url":"https:\/\/montevardia-hotel.com\/","name":"Montevardia Hotel Chania Crete","description":"","publisher":{"@id":"https:\/\/montevardia-hotel.com\/#organization"},"potentialAction":[{"@type":"SearchAction","target":{"@type":"EntryPoint","urlTemplate":"https:\/\/montevardia-hotel.com\/?s={search_term_string}"},"query-input":{"@type":"PropertyValueSpecification","valueRequired":true,"valueName":"search_term_string"}}],"inLanguage":"fr-FR"},{"@type":"Organization","@id":"https:\/\/montevardia-hotel.com\/#organization","name":"Montevardia Hotel Chania Crete","url":"https:\/\/montevardia-hotel.com\/","logo":{"@type":"ImageObject","inLanguage":"fr-FR","@id":"https:\/\/montevardia-hotel.com\/#\/schema\/logo\/image\/","url":"https:\/\/montevardia-hotel.com\/wp-content\/uploads\/2022\/04\/Logo-montevardia-rooms-hd.png","contentUrl":"https:\/\/montevardia-hotel.com\/wp-content\/uploads\/2022\/04\/Logo-montevardia-rooms-hd.png","width":452,"height":80,"caption":"Montevardia Hotel Chania Crete"},"image":{"@id":"https:\/\/montevardia-hotel.com\/#\/schema\/logo\/image\/"},"sameAs":["https:\/\/www.facebook.com\/montevardiahotel","https:\/\/www.instagram.com\/gemscafebistro\/"]}]}},"_links":{"self":[{"href":"https:\/\/montevardia-hotel.com\/fr\/wp-json\/wp\/v2\/pages\/1582","targetHints":{"allow":["GET"]}}],"collection":[{"href":"https:\/\/montevardia-hotel.com\/fr\/wp-json\/wp\/v2\/pages"}],"about":[{"href":"https:\/\/montevardia-hotel.com\/fr\/wp-json\/wp\/v2\/types\/page"}],"author":[{"embeddable":true,"href":"https:\/\/montevardia-hotel.com\/fr\/wp-json\/wp\/v2\/users\/1"}],"replies":[{"embeddable":true,"href":"https:\/\/montevardia-hotel.com\/fr\/wp-json\/wp\/v2\/comments?post=1582"}],"version-history":[{"count":7,"href":"https:\/\/montevardia-hotel.com\/fr\/wp-json\/wp\/v2\/pages\/1582\/revisions"}],"predecessor-version":[{"id":4024,"href":"https:\/\/montevardia-hotel.com\/fr\/wp-json\/wp\/v2\/pages\/1582\/revisions\/4024"}],"wp:attachment":[{"href":"https:\/\/montevardia-hotel.com\/fr\/wp-json\/wp\/v2\/media?parent=1582"}],"curies":[{"name":"wp","href":"https:\/\/api.w.org\/{rel}","templated":true}]}}